{"id":48,"date":"2008-05-29T19:38:53","date_gmt":"2008-05-29T17:38:53","guid":{"rendered":"http:\/\/www.kah-hagen.de\/wordpress\/?page_id=48"},"modified":"2020-12-11T18:43:22","modified_gmt":"2020-12-11T16:43:22","slug":"impressum","status":"publish","type":"page","link":"https:\/\/www.kah-hagen.de\/kah\/impressum\/","title":{"rendered":"Impressum"},"content":{"rendered":"\n<p>kah-hagen.de ist ein Onlinedienst des<\/p>\n\n\n\n<p><strong>Kunst- und Atelierhaus Hagen e.V.<\/strong><br>Hochstr. 76<br>58095 Hagen<\/p>\n\n\n\n<p>E-Mail: <a href=\"mailto:info@kah-hagen.de\">info@kah-hagen.de<\/a><\/p>\n\n\n\n<p><a href=\"https:\/\/www.kah-hagen.de\/kah\/verein\/vorstand\/\">Inhaltlich verantwortlich ist der Vereinsvorstand.<\/a><\/p>\n\n\n\n<p>Vereinsreg.-Nr. 2508 (Amtsgericht Hagen)<br>Steuer-Nr. 321 \/ 5778 \/ 2531 (Finanzamt Hagen)<\/p>\n\n\n\n<p>S\u00e4mtliche Inhalte von kah-hagen.de und allen Unterseiten sind urheberrechtlich gesch\u00fctzt. Jegliche Verwendung auch zum privaten Gebrauch bedarf der Zustimmung durch die jeweilige K\u00fcnstlerin\/den jeweiligen K\u00fcnstler oder (bei allgemeinen Inhalten) durch den Vereinsvorstand. Unerlaubte Verwendung und\/oder Vervielf\u00e4ltigung von Inhalten dieser Internetseiten stellt einen Versto\u00df gegen das Urhebergesetz (UrhG) dar und kann sowohl zivil- wie auch strafrechtlich verfolgt werden.<\/p>\n","protected":false},"excerpt":{"rendered":"<p>kah-hagen.de ist ein Onlinedienst des Kunst- und Atelierhaus Hagen e.V.Hochstr. 7658095 Hagen E-Mail: info@kah-hagen.de Inhaltlich verantwortlich ist der Vereinsvorstand. Vereinsreg.-Nr. 2508 (Amtsgericht Hagen)Steuer-Nr. 321 \/ 5778 \/ 2531 (Finanzamt Hagen) S\u00e4mtliche Inhalte von kah-hagen.de und allen Unterseiten sind urheberrechtlich gesch\u00fctzt. Jegliche Verwendung auch zum privaten Gebrauch bedarf der Zustimmung durch die jeweilige K\u00fcnstlerin\/den jeweiligen K\u00fcnstler [&hellip;]<\/p>\n","protected":false},"author":101015,"featured_media":0,"parent":0,"menu_order":990,"comment_status":"closed","ping_status":"closed","template":"linksleer.php","meta":{"ngg_post_thumbnail":0,"footnotes":""},"class_list":["post-48","page","type-page","status-publish","hentry"],"_links":{"self":[{"href":"https:\/\/www.kah-hagen.de\/kah\/wp-json\/wp\/v2\/pages\/48","targetHints":{"allow":["GET"]}}],"collection":[{"href":"https:\/\/www.kah-hagen.de\/kah\/wp-json\/wp\/v2\/pages"}],"about":[{"href":"https:\/\/www.kah-hagen.de\/kah\/wp-json\/wp\/v2\/types\/page"}],"author":[{"embeddable":true,"href":"https:\/\/www.kah-hagen.de\/kah\/wp-json\/wp\/v2\/users\/101015"}],"replies":[{"embeddable":true,"href":"https:\/\/www.kah-hagen.de\/kah\/wp-json\/wp\/v2\/comments?post=48"}],"version-history":[{"count":11,"href":"https:\/\/www.kah-hagen.de\/kah\/wp-json\/wp\/v2\/pages\/48\/revisions"}],"predecessor-version":[{"id":2471,"href":"https:\/\/www.kah-hagen.de\/kah\/wp-json\/wp\/v2\/pages\/48\/revisions\/2471"}],"wp:attachment":[{"href":"https:\/\/www.kah-hagen.de\/kah\/wp-json\/wp\/v2\/media?parent=48"}],"curies":[{"name":"wp","href":"https:\/\/api.w.org\/{rel}","templated":true}]}}