{"id":46,"date":"2008-05-29T18:42:58","date_gmt":"2008-05-29T16:42:58","guid":{"rendered":"http:\/\/www.kah-hagen.de\/wordpress\/?page_id=46"},"modified":"2026-03-30T08:38:03","modified_gmt":"2026-03-30T06:38:03","slug":"kuenstlerbeirat","status":"publish","type":"page","link":"https:\/\/www.kah-hagen.de\/kah\/verein\/kuenstlerbeirat\/","title":{"rendered":"K\u00fcnstlerbeirat"},"content":{"rendered":"\n<p>Der K\u00fcnstlerbeirat im &#8222;Kunst- und Atelierhaus Hagen e.V.&#8220; wird f\u00fcr die Dauer von zwei Jahren von den ordentlichen Mitgliedern aus ihren Reihen gew\u00e4hlt.<\/p>\n\n\n\n<p>Der Beirat entscheidet \u00fcber die Aufnahme neuer ordentlicher Mitglieder, die Vergabe von Atelierpl\u00e4tzen, die Erstellung von Ausschreibungsunterlagen bei Kunstprojekten, die Organisation von thematisch konzipierten Gruppenausstellungen sowie die Vergabe von Stipendien.<\/p>\n\n\n\n<p>Die Mitglieder des K\u00fcnstlerbeirates in alphabetischer Reihenfolge:<\/p>\n\n\n\n<ul class=\"wp-block-list\">\n<li><strong>Thomas Groeneveld<\/strong><\/li>\n\n\n\n<li><strong>Rob van der Horst<\/strong><\/li>\n\n\n\n<li><strong>Greta Petersen<\/strong><\/li>\n\n\n\n<li><strong>Nele Petersen<\/strong><\/li>\n\n\n\n<li><strong>Astrid Putzke<\/strong><\/li>\n<\/ul>\n","protected":false},"excerpt":{"rendered":"<p>Der K\u00fcnstlerbeirat im &#8222;Kunst- und Atelierhaus Hagen e.V.&#8220; wird f\u00fcr die Dauer von zwei Jahren von den ordentlichen Mitgliedern aus ihren Reihen gew\u00e4hlt. Der Beirat entscheidet \u00fcber die Aufnahme neuer ordentlicher Mitglieder, die Vergabe von Atelierpl\u00e4tzen, die Erstellung von Ausschreibungsunterlagen bei Kunstprojekten, die Organisation von thematisch konzipierten Gruppenausstellungen sowie die Vergabe von Stipendien. Die Mitglieder [&hellip;]<\/p>\n","protected":false},"author":101015,"featured_media":0,"parent":13,"menu_order":20,"comment_status":"closed","ping_status":"closed","template":"verein.php","meta":{"ngg_post_thumbnail":0,"footnotes":""},"class_list":["post-46","page","type-page","status-publish","hentry"],"_links":{"self":[{"href":"https:\/\/www.kah-hagen.de\/kah\/wp-json\/wp\/v2\/pages\/46","targetHints":{"allow":["GET"]}}],"collection":[{"href":"https:\/\/www.kah-hagen.de\/kah\/wp-json\/wp\/v2\/pages"}],"about":[{"href":"https:\/\/www.kah-hagen.de\/kah\/wp-json\/wp\/v2\/types\/page"}],"author":[{"embeddable":true,"href":"https:\/\/www.kah-hagen.de\/kah\/wp-json\/wp\/v2\/users\/101015"}],"replies":[{"embeddable":true,"href":"https:\/\/www.kah-hagen.de\/kah\/wp-json\/wp\/v2\/comments?post=46"}],"version-history":[{"count":13,"href":"https:\/\/www.kah-hagen.de\/kah\/wp-json\/wp\/v2\/pages\/46\/revisions"}],"predecessor-version":[{"id":3659,"href":"https:\/\/www.kah-hagen.de\/kah\/wp-json\/wp\/v2\/pages\/46\/revisions\/3659"}],"up":[{"embeddable":true,"href":"https:\/\/www.kah-hagen.de\/kah\/wp-json\/wp\/v2\/pages\/13"}],"wp:attachment":[{"href":"https:\/\/www.kah-hagen.de\/kah\/wp-json\/wp\/v2\/media?parent=46"}],"curies":[{"name":"wp","href":"https:\/\/api.w.org\/{rel}","templated":true}]}}