{"id":42,"date":"2008-05-29T18:23:02","date_gmt":"2008-05-29T16:23:02","guid":{"rendered":"http:\/\/www.kah-hagen.de\/wordpress\/?page_id=42"},"modified":"2025-04-11T08:37:26","modified_gmt":"2025-04-11T06:37:26","slug":"salvador-morales-arrizabalaga","status":"publish","type":"page","link":"https:\/\/www.kah-hagen.de\/kah\/kunstlerinnen\/salvador-morales-arrizabalaga\/","title":{"rendered":"Morales-Arrizabalaga, Salvador"},"content":{"rendered":"\n<p>Atelier 4.8<\/p>\n\n\n\n<blockquote class=\"wp-block-quote is-layout-flow wp-block-quote-is-layout-flow\">\n<p class=\"has-small-font-size\">Illustration. Zeichnen. Malen. Skulptur. Marionettenbauer. Fotografie.<\/p>\n\n\n\n<p class=\"has-small-font-size\">1956 wurde ich in Saragossa, Spanien geboren.<br>1979 habe ich die Zulassung als Arzt erhalten. Sp\u00e4ter habe ich mich auf Psychotherapie, Gestalttherapie und strategischer Kurztherapie spezialisiert.<br>Bis 2004 bin ich als Arzt und Psychotherapeut in Barcelona t\u00e4tig gewesen.<br>2007 bin ich mit meiner Familie nach Halver, Deutschland, gezogen.<\/p>\n\n\n\n<ul class=\"wp-block-list\">\n<li class=\"has-small-font-size\">Ausbildung im Zeichnen bei S.M. Sada in Saragossa.<\/li>\n\n\n\n<li class=\"has-small-font-size\">Schauspieler an der T.U.Z in Saragossa.<\/li>\n\n\n\n<li class=\"has-small-font-size\">Mitglied im Real Circulo Art\u00edstico de Sant Lluc in Barcelona.<\/li>\n\n\n\n<li class=\"has-small-font-size\">Ausbildung an der Universit\u00e4t der Sch\u00f6nen K\u00fcnste in Barcelona.<\/li>\n\n\n\n<li class=\"has-small-font-size\">Ausbildung als Kunsttherapeut (Gestalt) an der Schule Arteterapia del Mediterraneo bei dem Psychotherapeuten R. Ballester in Barcelona.<\/li>\n\n\n\n<li class=\"has-small-font-size\">Ausbildung in Modelliertechnik und Skulptur bei dem argentinischen K\u00fcnstler G. Melella, Spezialist f\u00fcr B\u00fchnenbild.<\/li>\n\n\n\n<li class=\"has-small-font-size\">Mitglied bei der Marionetten- und Puppenwerkstatt unter der Leitung von Pepe Otal, in Barcelona.<\/li>\n\n\n\n<li class=\"has-small-font-size\">Teilnahme an einem Kurs f\u00fcr Marionettenmanipulation, bei Jordi Bertran in Barcelona.<\/li>\n<\/ul>\n\n\n\n<p class=\"has-small-font-size\">Weitere Kurse:<\/p>\n\n\n\n<ul class=\"wp-block-list\">\n<li class=\"has-small-font-size\">Illustrationstechniken. Barcelona<\/li>\n\n\n\n<li class=\"has-small-font-size\">Kunst und Recycling. Barcelona<\/li>\n\n\n\n<li class=\"has-small-font-size\">Digitale Fotomanipulation. Barcelona<\/li>\n<\/ul>\n\n\n\n<p class=\"has-small-font-size\">Nachdem ich meine Zeit einige Jahre lang fast ausschlie\u00dflich mit der Erprobung verschiedener Zeichentechniken und dem Modellieren von Skulpturen verbracht habe, probiere ich nun neue Wege aus. Vielleicht sind die meisten meiner Werke deshalb Mischtechniken: Acryl, Tinte, Trockenmittel&#8230;<\/p>\n\n\n\n<p class=\"has-small-font-size\">Ich verstehe die Kunst als eine Sprache, die innere Welten ausdr\u00fccken kann, aber auch &#8211; wie jede andere Sprache &#8211; f\u00e4hig ist, zwischenmenschliche Begegnungen zu erm\u00f6glichen.<\/p>\n\n\n\n<p class=\"has-small-font-size\">Verehrter Leser, vielleicht k\u00f6nnen wir uns dort begegnen.<\/p>\n<\/blockquote>\n\n\n\n<p class=\"has-small-font-size\">Kontakt:<\/p>\n\n\n\n<p class=\"has-small-font-size\">KAH. Hagen \/ VAKT. Halver.<\/p>ngg_shortcode_0_placeholder","protected":false},"excerpt":{"rendered":"<p>Atelier 4.8 Kontakt: KAH. Hagen \/ VAKT. Halver.<\/p>\n","protected":false},"author":101015,"featured_media":0,"parent":5,"menu_order":0,"comment_status":"closed","ping_status":"closed","template":"kuenstler.php","meta":{"ngg_post_thumbnail":0,"footnotes":""},"class_list":["post-42","page","type-page","status-publish","hentry"],"_links":{"self":[{"href":"https:\/\/www.kah-hagen.de\/kah\/wp-json\/wp\/v2\/pages\/42","targetHints":{"allow":["GET"]}}],"collection":[{"href":"https:\/\/www.kah-hagen.de\/kah\/wp-json\/wp\/v2\/pages"}],"about":[{"href":"https:\/\/www.kah-hagen.de\/kah\/wp-json\/wp\/v2\/types\/page"}],"author":[{"embeddable":true,"href":"https:\/\/www.kah-hagen.de\/kah\/wp-json\/wp\/v2\/users\/101015"}],"replies":[{"embeddable":true,"href":"https:\/\/www.kah-hagen.de\/kah\/wp-json\/wp\/v2\/comments?post=42"}],"version-history":[{"count":6,"href":"https:\/\/www.kah-hagen.de\/kah\/wp-json\/wp\/v2\/pages\/42\/revisions"}],"predecessor-version":[{"id":3410,"href":"https:\/\/www.kah-hagen.de\/kah\/wp-json\/wp\/v2\/pages\/42\/revisions\/3410"}],"up":[{"embeddable":true,"href":"https:\/\/www.kah-hagen.de\/kah\/wp-json\/wp\/v2\/pages\/5"}],"wp:attachment":[{"href":"https:\/\/www.kah-hagen.de\/kah\/wp-json\/wp\/v2\/media?parent=42"}],"curies":[{"name":"wp","href":"https:\/\/api.w.org\/{rel}","templated":true}]}}