{"id":3653,"date":"2026-03-14T00:45:16","date_gmt":"2026-03-13T22:45:16","guid":{"rendered":"https:\/\/www.kah-hagen.de\/kah\/?page_id=3653"},"modified":"2026-03-14T00:45:46","modified_gmt":"2026-03-13T22:45:46","slug":"sieling-silke","status":"publish","type":"page","link":"https:\/\/www.kah-hagen.de\/kah\/kunstlerinnen\/sieling-silke\/","title":{"rendered":"Sieling, Silke"},"content":{"rendered":"\n<p>K\u00fcnstlerin <\/p>\n\n\n\n<p>Geboren 1962 und lebend in Hagen. Mitglied im KAH seit 2026.<\/p>\n\n\n\n<p> Seit \u00fcber 25 Jahren widme ich mich der Malerei aus Leidenschaft. Meine Werke entstehen intuitiv und sind Ausdruck innerer Prozesse &#8211; gepr\u00e4gt von pers\u00f6nlichen Erfahrungen und Momenten der Stille.<\/p>\n\n\n\n<p><strong>\u201eJedes wahre Kunstwerk offenbart ein St\u00fcck der Seele des Sch\u00f6pfers\u201c<\/strong> &#8211;  Erich Limpach<\/p>\n\n\n\n<p>Die Malerei kam in mein Leben in einer Zeit, in der Worte nicht mehr ausreichten. Vor mehr als 25 Jahren begann ich, mit Pinsel und Farbe dem Ausdruck zu verleihen, was tief in meinem Inneren nach Raum suchte. Was damals aus einer schwierigen Lebensphase heraus entstand wurde zu einer leisen, aber kraftvollen Begleiterin auf meinem Weg. <\/p>\n\n\n\n<p>Wenn ich male, wird die Welt stiller. Gedanken verlieren an Gewicht und ich darf ganz im Moment sein. Mit jedem Pinselstrich entsteht ein Dialog zwischen meiner Seele und der Leinwand. Farbe, Form und Bewegung werden zu einer Sprache, die aus meinem Inneren kommt. Sie schreiben so ein St\u00fcck meines Weges, eine Spur von Empfindungen, Erinnerungen und Leben. <\/p>\n\n\n\n<p>Inspiration finde ich in der Vielfalt der Welt &#8211; in ihren Gesch\u00f6pfen, in Begegnungen und in den vielen Facetten menschlicher Gef\u00fchle. Freude und Gl\u00fcck, aber auch Trauer, Wut und stille Sehnsucht finden ihren Platz auf der Leinwand. Manchmal erz\u00e4hlen Formen und Farben ihre eigene Geschichte. <\/p>\n\n\n\n<p>Meine Bilder entstehen nicht nur aus dem was ich sehe, sondern aus dem, was ich f\u00fchle. Sie sind Ausdruck dessen, was mich bewegt und zugleich eine Einladung an den Betrachter, innezuhalten und vielleicht etwas von sich selbst darin zu entdecken. <\/p>\n\n\n\n<p>Wenn ein Mensch vor einem meiner Bilder inneh\u00e4lt, wenn ein Bild einen Raum mit Leben erf\u00fcllt, wenn es ber\u00fchrt oder einen stillen Moment der Verbindung entstehen l\u00e4sst, dann hat meine Kunst ihren Platz gefunden. <\/p>\n\n\n\n<p>Meine Malerei ist f\u00fcr mich mehr als Farbe auf Leinwand: Sie ist Teil meines Lebens, Ausdruck meiner Seele und Kommunikation mit deren Betrachtern.<\/p>\n\n\n\nngg_shortcode_0_placeholder\n\n\n\n<p>Anfragen gerne per E-Mail oder via Instagram (DM) <\/p>\n\n\n\n<p>E-Mail: silke.sieling@t-online.de <\/p>\n\n\n\n<p>Instagram: art_by_sie.62<\/p>\n","protected":false},"excerpt":{"rendered":"<p>K\u00fcnstlerin Geboren 1962 und lebend in Hagen. Mitglied im KAH seit 2026. Seit \u00fcber 25 Jahren widme ich mich der Malerei aus Leidenschaft. Meine Werke entstehen intuitiv und sind Ausdruck innerer Prozesse &#8211; gepr\u00e4gt von pers\u00f6nlichen Erfahrungen und Momenten der Stille. \u201eJedes wahre Kunstwerk offenbart ein St\u00fcck der Seele des Sch\u00f6pfers\u201c &#8211; Erich Limpach Die [&hellip;]<\/p>\n","protected":false},"author":101018,"featured_media":0,"parent":5,"menu_order":0,"comment_status":"closed","ping_status":"closed","template":"kuenstler.php","meta":{"ngg_post_thumbnail":0,"footnotes":""},"class_list":["post-3653","page","type-page","status-publish","hentry"],"_links":{"self":[{"href":"https:\/\/www.kah-hagen.de\/kah\/wp-json\/wp\/v2\/pages\/3653","targetHints":{"allow":["GET"]}}],"collection":[{"href":"https:\/\/www.kah-hagen.de\/kah\/wp-json\/wp\/v2\/pages"}],"about":[{"href":"https:\/\/www.kah-hagen.de\/kah\/wp-json\/wp\/v2\/types\/page"}],"author":[{"embeddable":true,"href":"https:\/\/www.kah-hagen.de\/kah\/wp-json\/wp\/v2\/users\/101018"}],"replies":[{"embeddable":true,"href":"https:\/\/www.kah-hagen.de\/kah\/wp-json\/wp\/v2\/comments?post=3653"}],"version-history":[{"count":1,"href":"https:\/\/www.kah-hagen.de\/kah\/wp-json\/wp\/v2\/pages\/3653\/revisions"}],"predecessor-version":[{"id":3654,"href":"https:\/\/www.kah-hagen.de\/kah\/wp-json\/wp\/v2\/pages\/3653\/revisions\/3654"}],"up":[{"embeddable":true,"href":"https:\/\/www.kah-hagen.de\/kah\/wp-json\/wp\/v2\/pages\/5"}],"wp:attachment":[{"href":"https:\/\/www.kah-hagen.de\/kah\/wp-json\/wp\/v2\/media?parent=3653"}],"curies":[{"name":"wp","href":"https:\/\/api.w.org\/{rel}","templated":true}]}}