{"id":3603,"date":"2026-03-07T11:20:52","date_gmt":"2026-03-07T09:20:52","guid":{"rendered":"https:\/\/www.kah-hagen.de\/kah\/?page_id=3603"},"modified":"2026-03-07T11:34:34","modified_gmt":"2026-03-07T09:34:34","slug":"petersen-nele","status":"publish","type":"page","link":"https:\/\/www.kah-hagen.de\/kah\/kunstlerinnen\/petersen-nele\/","title":{"rendered":"Petersen, Nele"},"content":{"rendered":"\n<p><\/p>\n\n\n\n<p><strong>Atelier 3.9<\/strong><\/p>\n\n\n\n<p>Ich male vor allem mit Acryl-, \u00d6l- und Aquarellfarben, aber auch zwischendurch digital mit meinem iPad. Meine Bilder sind meist farbintensiv und bunt und inhaltlich male ich vor Allem Dinge, die mich gl\u00fccklich machen oder mir in irgendeiner Form begegnen und mich zu einem Bild inspirieren. In vielen F\u00e4llen l\u00e4uft es darauf hinaus, dass ich Essen male.<\/p>\n\n\n\n<p>Ich habe einen Master in Chemie und promoviere derzeit in Wuppertal im Bereich Sustainable Chemistry. Die Malerei ist f\u00fcr mich ein bewusster Ausgleich zur wissenschaftlichen Arbeit, aber gleichzeitig versuche ich, meine kreative Seite aktiv in meine Forschung einflie\u00dfen zu lassen.<\/p>\n\n\n\n<p>Ich gestalte Visualisierungen meiner Ergebnisse selbst und entwickle auch, sofern m\u00f6glich, grafische Zusammenfassungen und Cover f\u00fcr meine wissenschaftlichen Publikationen. F\u00fcr mich geh\u00f6ren analytisches Denken und kreative Gestaltung zusammen und beide Perspektiven helfen mir dabei, die Welt auf unterschiedliche Weise zu verstehen und sichtbar zu machen.<\/p>\n\n\n\nngg_shortcode_0_placeholder\n\n\n\n<p>Anfragen gerne jederzeit per Mail an: <a href=\"mailto:nele.petersen.art@gmail.com\">nele.petersen.art@gmail.com<\/a><\/p>\n\n\n\n<p style=\"font-size:15px\">F\u00fcr einen weiteren Einblick in meine Kunst: instagram: nele.ptrsn.art<\/p>\n\n\n\n<p><\/p>\n","protected":false},"excerpt":{"rendered":"<p>Atelier 3.9 Ich male vor allem mit Acryl-, \u00d6l- und Aquarellfarben, aber auch zwischendurch digital mit meinem iPad. Meine Bilder sind meist farbintensiv und bunt und inhaltlich male ich vor Allem Dinge, die mich gl\u00fccklich machen oder mir in irgendeiner Form begegnen und mich zu einem Bild inspirieren. In vielen F\u00e4llen l\u00e4uft es darauf hinaus, [&hellip;]<\/p>\n","protected":false},"author":101018,"featured_media":0,"parent":5,"menu_order":0,"comment_status":"closed","ping_status":"closed","template":"kuenstler.php","meta":{"ngg_post_thumbnail":0,"footnotes":""},"class_list":["post-3603","page","type-page","status-publish","hentry"],"_links":{"self":[{"href":"https:\/\/www.kah-hagen.de\/kah\/wp-json\/wp\/v2\/pages\/3603","targetHints":{"allow":["GET"]}}],"collection":[{"href":"https:\/\/www.kah-hagen.de\/kah\/wp-json\/wp\/v2\/pages"}],"about":[{"href":"https:\/\/www.kah-hagen.de\/kah\/wp-json\/wp\/v2\/types\/page"}],"author":[{"embeddable":true,"href":"https:\/\/www.kah-hagen.de\/kah\/wp-json\/wp\/v2\/users\/101018"}],"replies":[{"embeddable":true,"href":"https:\/\/www.kah-hagen.de\/kah\/wp-json\/wp\/v2\/comments?post=3603"}],"version-history":[{"count":5,"href":"https:\/\/www.kah-hagen.de\/kah\/wp-json\/wp\/v2\/pages\/3603\/revisions"}],"predecessor-version":[{"id":3610,"href":"https:\/\/www.kah-hagen.de\/kah\/wp-json\/wp\/v2\/pages\/3603\/revisions\/3610"}],"up":[{"embeddable":true,"href":"https:\/\/www.kah-hagen.de\/kah\/wp-json\/wp\/v2\/pages\/5"}],"wp:attachment":[{"href":"https:\/\/www.kah-hagen.de\/kah\/wp-json\/wp\/v2\/media?parent=3603"}],"curies":[{"name":"wp","href":"https:\/\/api.w.org\/{rel}","templated":true}]}}