{"id":2923,"date":"2022-12-31T19:34:41","date_gmt":"2022-12-31T17:34:41","guid":{"rendered":"https:\/\/www.kah-hagen.de\/kah\/?page_id=2923"},"modified":"2025-04-11T08:50:55","modified_gmt":"2025-04-11T06:50:55","slug":"armin-hermann","status":"publish","type":"page","link":"https:\/\/www.kah-hagen.de\/kah\/kunstlerinnen\/armin-hermann\/","title":{"rendered":"Hermann, Armin"},"content":{"rendered":"\n<p><\/p>\n\n\n\n<p class=\"has-small-font-size\">Ich bin Armin Hermann und nach mehr als 10 Jahren im europ\u00e4ischen Ausland 2020 wieder in Deutschland. In diesen letzten Jahren habe ich mich mit unterschiedlichen k\u00fcnstlerischen Ausdrucksformen besch\u00e4ftigt, haupts\u00e4chlich mit \u00d6lmalerei, sowohl gegenst\u00e4ndlich, als auch abstrakt, aber auch mit unterschiedlichsten Maltechniken und Skulpturen. Durch den Kontakt mit anderen Kulturen und sehr vielen Kunstschaffenden und -Sammlern lernte ich die verschiedensten Stile und Ausdrucksformen kennen, die mich in meinen Arbeiten sicher beeinflusst und mich immer wieder auch zu Neuem angeregt haben. Nach meiner R\u00fcckkehr machte die Pandemie die \u00f6ffentliche Arbeit und neue Kontakte sehr schwierig! So freue ich mich \u00fcber jeden Besuch meiner Webseite und auf Kommentare.<\/p>\n\n\n\n<p class=\"has-small-font-size\">Die Besch\u00e4ftigung mit Malerei, Druck, Skulpturen und Zeichnen begann ich schon in der Schule, wo ich eine hervorragende Anleitung und optimale F\u00f6rderung erfuhr. Obwohl die Bewerbungsmappe f\u00fcr die Kunsthochschule in D\u00fcsseldorf schon bereit lag, erwischte mich direkt nach dem Abitur die Bundeswehr. Nach dem Dienst bei der Bundeswehr hatte sich meine famili\u00e4re Situation ver\u00e4ndert und die Chance Zahnmedizin zu belegen f\u00fchrte zu dem Versuch Kunst und Zahnmedizin parallel zu studieren. Dies entwickelte sich aber in ein erhebliches Zeitproblem und so konnte ich au\u00dfer vielen einzelnen Kunstkursen erst einmal mein Zahnmedizinstudium abschlie\u00dfen. Dieser Beruf fesselte mich dann doch weit \u00fcber drei\u00dfig Jahren in eigener Praxis. Die Kunst lie\u00df mich in all diesen Jahren nicht los! Ich organisierte mit und f\u00fcr Freunde aus meinem Kunstkreis in Bonn Ausstellungen und Kunsthandwerker-M\u00e4rkte. Auch hatte in meiner Praxis regelm\u00e4\u00dfig Ausstellungen eigener Bilder und von befreundeten K\u00fcnstlern. Die Kunst bl\u00fchte aber erst wieder richtig auf, als ich 2009 meine Praxis an einen Nachfolger \u00fcbergab und bis 2020 mit meiner damaligen Lebensgef\u00e4hrtin, die auch malte, durch das westliche Europa reiste. L\u00e4ngere Zeiten lebten wir in S\u00fcdengland, Spanien, Frankreich und den Niederlanden und reisten viel durch diese L\u00e4nder. Diese Jahre im Ausland nutzte ich intensiv f\u00fcr Kurse bei Malern und Bildhauern in England und Deutschland und versuchte mich in vielen Techniken. Viele Ausstellungen f\u00fchrte ich allein, mit meiner Lebensgef\u00e4hrtin sowie auch in Gemeinschaft mit vielen unserer Malerfreundinnen und Malerfreunden durch.<\/p>\n\n\n\n<p class=\"has-small-font-size\">So freue ich mich auf jeden Kontakt mit Menschen, die sich f\u00fcr alles interessieren, was mit bildender Kunst, Kunstgeschichte, Literatur, Philosophie und sonstiger Kultur zu tun hat.<\/p>\n\n\n\nngg_shortcode_0_placeholder\n","protected":false},"excerpt":{"rendered":"<p>Ich bin Armin Hermann und nach mehr als 10 Jahren im europ\u00e4ischen Ausland 2020 wieder in Deutschland. In diesen letzten Jahren habe ich mich mit unterschiedlichen k\u00fcnstlerischen Ausdrucksformen besch\u00e4ftigt, haupts\u00e4chlich mit \u00d6lmalerei, sowohl gegenst\u00e4ndlich, als auch abstrakt, aber auch mit unterschiedlichsten Maltechniken und Skulpturen. Durch den Kontakt mit anderen Kulturen und sehr vielen Kunstschaffenden und [&hellip;]<\/p>\n","protected":false},"author":101015,"featured_media":0,"parent":5,"menu_order":0,"comment_status":"closed","ping_status":"closed","template":"kuenstler.php","meta":{"ngg_post_thumbnail":0,"footnotes":""},"class_list":["post-2923","page","type-page","status-publish","hentry"],"_links":{"self":[{"href":"https:\/\/www.kah-hagen.de\/kah\/wp-json\/wp\/v2\/pages\/2923","targetHints":{"allow":["GET"]}}],"collection":[{"href":"https:\/\/www.kah-hagen.de\/kah\/wp-json\/wp\/v2\/pages"}],"about":[{"href":"https:\/\/www.kah-hagen.de\/kah\/wp-json\/wp\/v2\/types\/page"}],"author":[{"embeddable":true,"href":"https:\/\/www.kah-hagen.de\/kah\/wp-json\/wp\/v2\/users\/101015"}],"replies":[{"embeddable":true,"href":"https:\/\/www.kah-hagen.de\/kah\/wp-json\/wp\/v2\/comments?post=2923"}],"version-history":[{"count":14,"href":"https:\/\/www.kah-hagen.de\/kah\/wp-json\/wp\/v2\/pages\/2923\/revisions"}],"predecessor-version":[{"id":3417,"href":"https:\/\/www.kah-hagen.de\/kah\/wp-json\/wp\/v2\/pages\/2923\/revisions\/3417"}],"up":[{"embeddable":true,"href":"https:\/\/www.kah-hagen.de\/kah\/wp-json\/wp\/v2\/pages\/5"}],"wp:attachment":[{"href":"https:\/\/www.kah-hagen.de\/kah\/wp-json\/wp\/v2\/media?parent=2923"}],"curies":[{"name":"wp","href":"https:\/\/api.w.org\/{rel}","templated":true}]}}