{"id":25,"date":"2008-05-29T18:15:51","date_gmt":"2008-05-29T16:15:51","guid":{"rendered":"http:\/\/www.kah-hagen.de\/wordpress\/?page_id=25"},"modified":"2025-04-11T08:47:12","modified_gmt":"2025-04-11T06:47:12","slug":"susan-jacobsen","status":"publish","type":"page","link":"https:\/\/www.kah-hagen.de\/kah\/kunstlerinnen\/susan-jacobsen\/","title":{"rendered":"Jacobsen, Susan"},"content":{"rendered":"\n<p>Atelier 2.8<\/p>\n\n\n\n<blockquote class=\"wp-block-quote is-layout-flow wp-block-quote-is-layout-flow\">\n<p class=\"has-small-font-size\">intuitives malen &#8211; experiment farbe<\/p>\n\n\n\n<p class=\"has-small-font-size\">geboren in hagen<br>gestalterin f\u00fcr visuelles marketing<br>2007 gr\u00fcndungsmitglied des kunst und atelierhaus hagen .ev. &#8230; hotel danne &#8230;<\/p>\n\n\n\n<p class=\"has-small-font-size\">Abstrakte Kunst ,die offensichtlich nichts exakt abbildet,dadurch auch nichts vorgibt &#8211; das ist meine Welt. Lebe Kunst, lebe mit Visionen, schaffe Bilder, klein und gro\u00dffl\u00e4chig, emotional abstrakt und aus innerer \u00dcberzeugung<\/p>\n<\/blockquote>\n\n\n\n<p>&nbsp;<\/p>\n\n\n\n<figure class=\"wp-block-gallery has-nested-images columns-1 is-cropped wp-block-gallery-1 is-layout-flex wp-block-gallery-is-layout-flex\">\n<figure class=\"wp-block-image size-large\"><a href=\"https:\/\/www.kah-hagen.de\/kah\/wp-content\/uploads\/2021\/02\/susan_jacobsen2021_1.jpg\"><img loading=\"lazy\" decoding=\"async\" width=\"575\" height=\"1024\" data-id=\"2496\" src=\"https:\/\/www.kah-hagen.de\/kah\/wp-content\/uploads\/2021\/02\/susan_jacobsen2021_1.jpg\" alt=\"\" class=\"wp-image-2496\" srcset=\"https:\/\/www.kah-hagen.de\/kah\/wp-content\/uploads\/2021\/02\/susan_jacobsen2021_1.jpg 575w, https:\/\/www.kah-hagen.de\/kah\/wp-content\/uploads\/2021\/02\/susan_jacobsen2021_1-168x300.jpg 168w\" sizes=\"auto, (max-width: 575px) 100vw, 575px\" \/><\/a><\/figure>\n\n\n\n<figure class=\"wp-block-image size-large\"><a href=\"https:\/\/www.kah-hagen.de\/kah\/wp-content\/uploads\/2020\/07\/Susan_Jacobsen-2.jpg\"><img loading=\"lazy\" decoding=\"async\" width=\"575\" height=\"1024\" data-id=\"2444\" src=\"https:\/\/www.kah-hagen.de\/kah\/wp-content\/uploads\/2020\/07\/Susan_Jacobsen-2.jpg\" alt=\"\" class=\"wp-image-2444\" srcset=\"https:\/\/www.kah-hagen.de\/kah\/wp-content\/uploads\/2020\/07\/Susan_Jacobsen-2.jpg 575w, https:\/\/www.kah-hagen.de\/kah\/wp-content\/uploads\/2020\/07\/Susan_Jacobsen-2-168x300.jpg 168w\" sizes=\"auto, (max-width: 575px) 100vw, 575px\" \/><\/a><\/figure>\n<\/figure>\n\n\n\n<p><\/p>\n","protected":false},"excerpt":{"rendered":"<p>Atelier 2.8 intuitives malen &#8211; experiment farbe geboren in hagengestalterin f\u00fcr visuelles marketing2007 gr\u00fcndungsmitglied des kunst und atelierhaus hagen .ev. &#8230; hotel danne &#8230; Abstrakte Kunst ,die offensichtlich nichts exakt abbildet,dadurch auch nichts vorgibt &#8211; das ist meine Welt. Lebe Kunst, lebe mit Visionen, schaffe Bilder, klein und gro\u00dffl\u00e4chig, emotional abstrakt und aus innerer \u00dcberzeugung [&hellip;]<\/p>\n","protected":false},"author":101015,"featured_media":0,"parent":5,"menu_order":0,"comment_status":"closed","ping_status":"closed","template":"kuenstler.php","meta":{"ngg_post_thumbnail":0,"footnotes":""},"class_list":["post-25","page","type-page","status-publish","hentry"],"_links":{"self":[{"href":"https:\/\/www.kah-hagen.de\/kah\/wp-json\/wp\/v2\/pages\/25","targetHints":{"allow":["GET"]}}],"collection":[{"href":"https:\/\/www.kah-hagen.de\/kah\/wp-json\/wp\/v2\/pages"}],"about":[{"href":"https:\/\/www.kah-hagen.de\/kah\/wp-json\/wp\/v2\/types\/page"}],"author":[{"embeddable":true,"href":"https:\/\/www.kah-hagen.de\/kah\/wp-json\/wp\/v2\/users\/101015"}],"replies":[{"embeddable":true,"href":"https:\/\/www.kah-hagen.de\/kah\/wp-json\/wp\/v2\/comments?post=25"}],"version-history":[{"count":11,"href":"https:\/\/www.kah-hagen.de\/kah\/wp-json\/wp\/v2\/pages\/25\/revisions"}],"predecessor-version":[{"id":3414,"href":"https:\/\/www.kah-hagen.de\/kah\/wp-json\/wp\/v2\/pages\/25\/revisions\/3414"}],"up":[{"embeddable":true,"href":"https:\/\/www.kah-hagen.de\/kah\/wp-json\/wp\/v2\/pages\/5"}],"wp:attachment":[{"href":"https:\/\/www.kah-hagen.de\/kah\/wp-json\/wp\/v2\/media?parent=25"}],"curies":[{"name":"wp","href":"https:\/\/api.w.org\/{rel}","templated":true}]}}