{"id":2414,"date":"2020-07-07T13:27:23","date_gmt":"2020-07-07T11:27:23","guid":{"rendered":"https:\/\/www.kah-hagen.de\/kah\/?page_id=2414"},"modified":"2025-02-03T00:16:53","modified_gmt":"2025-02-02T22:16:53","slug":"gripshoefer-martina","status":"publish","type":"page","link":"https:\/\/www.kah-hagen.de\/kah\/kunstlerinnen\/gripshoefer-martina\/","title":{"rendered":"Gripsh\u00f6fer, Martina"},"content":{"rendered":"\n<p><\/p>\n\n\n\n<p class=\"has-small-font-size\">Atelier3.8<\/p>\n\n\n\n<p class=\"has-small-font-size\">Vita:<br>geb. 1960 in Hagen<br>2015- 2019 Malschule Elvyra Gessner<br>2016 und 2017 Jahresausstellungen im Atelier Gessner<br>2017 und 2019 Jahresausstellungen im Zweibr\u00fccker Hof<br>2019 Ausstellung Hasper Hammer<br>seit 2020 im KAH<br>2020 Planet Hagen<\/p>\n\n\n\n<p class=\"has-small-font-size\">Der Entstehungsprozess meiner Bilder ist f\u00fcr mich zun\u00e4chst die Auseinandersetzung mit mir selbst.<br>Von der anf\u00e4ngliche Idee f\u00fchrt mich dieser kreative Prozess &#8211; teilweise \u00fcber Umwege &#8211; zu dem fertigen Bild, welches in mir verborgen war.<br>Dem Betrachter w\u00fcnsche ich eine \u00e4hnliche Reise &#8211; nur umgekehrt von au\u00dfen nach innen.<\/p>\n\n\n\n<p style=\"font-style:normal;font-weight:500\">WOMIT ICH ARBEITE\u2026<\/p>\n\n\n\n<p class=\"has-small-font-size\">Ich arbeite vorwiegend mit Acryl auf<br>Leinwand, mal transparent und lasierend,<br>mal mit groben Strukturen, die ich durch<br>Spachtelmasse, Sand, Schellack, Blattmetallflocken,<br>Pappe, Papier, Bitumen,<br>Spr\u00fchlack, Gewebe und Kleinteile erzeuge.<\/p>\n\n\n\n<p class=\"has-small-font-size\">m.gripshoefer@yahoo.de<\/p>\n\n\n\n<p class=\"has-small-font-size\"><\/p>\n\n\n\nngg_shortcode_0_placeholder\n","protected":false},"excerpt":{"rendered":"<p>Atelier3.8 Vita:geb. 1960 in Hagen2015- 2019 Malschule Elvyra Gessner2016 und 2017 Jahresausstellungen im Atelier Gessner2017 und 2019 Jahresausstellungen im Zweibr\u00fccker Hof2019 Ausstellung Hasper Hammerseit 2020 im KAH2020 Planet Hagen Der Entstehungsprozess meiner Bilder ist f\u00fcr mich zun\u00e4chst die Auseinandersetzung mit mir selbst.Von der anf\u00e4ngliche Idee f\u00fchrt mich dieser kreative Prozess &#8211; teilweise \u00fcber Umwege &#8211; [&hellip;]<\/p>\n","protected":false},"author":101015,"featured_media":0,"parent":5,"menu_order":0,"comment_status":"closed","ping_status":"closed","template":"kuenstler.php","meta":{"ngg_post_thumbnail":0,"footnotes":""},"class_list":["post-2414","page","type-page","status-publish","hentry"],"_links":{"self":[{"href":"https:\/\/www.kah-hagen.de\/kah\/wp-json\/wp\/v2\/pages\/2414","targetHints":{"allow":["GET"]}}],"collection":[{"href":"https:\/\/www.kah-hagen.de\/kah\/wp-json\/wp\/v2\/pages"}],"about":[{"href":"https:\/\/www.kah-hagen.de\/kah\/wp-json\/wp\/v2\/types\/page"}],"author":[{"embeddable":true,"href":"https:\/\/www.kah-hagen.de\/kah\/wp-json\/wp\/v2\/users\/101015"}],"replies":[{"embeddable":true,"href":"https:\/\/www.kah-hagen.de\/kah\/wp-json\/wp\/v2\/comments?post=2414"}],"version-history":[{"count":10,"href":"https:\/\/www.kah-hagen.de\/kah\/wp-json\/wp\/v2\/pages\/2414\/revisions"}],"predecessor-version":[{"id":3353,"href":"https:\/\/www.kah-hagen.de\/kah\/wp-json\/wp\/v2\/pages\/2414\/revisions\/3353"}],"up":[{"embeddable":true,"href":"https:\/\/www.kah-hagen.de\/kah\/wp-json\/wp\/v2\/pages\/5"}],"wp:attachment":[{"href":"https:\/\/www.kah-hagen.de\/kah\/wp-json\/wp\/v2\/media?parent=2414"}],"curies":[{"name":"wp","href":"https:\/\/api.w.org\/{rel}","templated":true}]}}