{"id":2411,"date":"2021-02-14T18:43:59","date_gmt":"2021-02-14T16:43:59","guid":{"rendered":"https:\/\/www.kah-hagen.de\/kah\/?page_id=2411"},"modified":"2025-04-11T08:32:32","modified_gmt":"2025-04-11T06:32:32","slug":"putzke-astrid","status":"publish","type":"page","link":"https:\/\/www.kah-hagen.de\/kah\/kunstlerinnen\/putzke-astrid\/","title":{"rendered":"Putzke, Astrid"},"content":{"rendered":"\n<p class=\"has-small-font-size\">Atelier 4.9<\/p>\n\n\n\n<p class=\"has-small-font-size\">Mitglied im KAH seit 2020, Autodidakt*in.<br>Diverse Gruppen- und Einzelausstellungen,<\/p>\n\n\n\n<p class=\"has-small-font-size\"><br>Im \u00f6ffentlichen Raum etwas zu meinem kreativen Ausdruck, gar \u201e(meiner) Kunst\u201c \u2013 wo f\u00e4ngt Kunst an? wo h\u00f6rt Kunst auf? \u2013 zu posten, macht inneren Widerstand.<\/p>\n\n\n\n<p class=\"has-small-font-size\">Warum?<\/p>\n\n\n\n<p class=\"has-small-font-size\">Kreative Prozesse und ihre Produkte sind f\u00fcr mich etwas Privates, Intimes und es f\u00fchlt sich oft wie eine Gradwanderung an, dies \u00fcberhaupt \u201ezur Schau zu stellen\u201c. Sei\u2019s drum.<br>Meine kreativen Prozesse sind Spurensuche, Forschen zum Wesen und Sein der Dinge, Versuche Unsichtbares sichtbar zu machen, und mich immer wieder zu erinnern: Spielen, Astrid Spielen \u2026 das Leben ist fordernd genug.<br>Zum Spielen rufen mich unterschiedlichste Materialien \u2026 von Gedanken zur Gesellschaft, \u00fcber Sprache, \u00fcber Farben und Erde zum Stein zum Holz und wieder zur\u00fcck \u2026 Disziplin zum Zeichnen \u00fcben w\u00fcnsche ich mir manchmal mehr\u2026 doch dann rufen die Wolken, ruft der Wind \u2026 so what?<\/p>\n\n\n\nngg_shortcode_0_placeholder\n","protected":false},"excerpt":{"rendered":"<p>Atelier 4.9 Mitglied im KAH seit 2020, Autodidakt*in.Diverse Gruppen- und Einzelausstellungen, Im \u00f6ffentlichen Raum etwas zu meinem kreativen Ausdruck, gar \u201e(meiner) Kunst\u201c \u2013 wo f\u00e4ngt Kunst an? wo h\u00f6rt Kunst auf? \u2013 zu posten, macht inneren Widerstand. Warum? Kreative Prozesse und ihre Produkte sind f\u00fcr mich etwas Privates, Intimes und es f\u00fchlt sich oft wie [&hellip;]<\/p>\n","protected":false},"author":101015,"featured_media":0,"parent":5,"menu_order":0,"comment_status":"closed","ping_status":"closed","template":"kuenstler.php","meta":{"ngg_post_thumbnail":0,"footnotes":""},"class_list":["post-2411","page","type-page","status-publish","hentry"],"_links":{"self":[{"href":"https:\/\/www.kah-hagen.de\/kah\/wp-json\/wp\/v2\/pages\/2411","targetHints":{"allow":["GET"]}}],"collection":[{"href":"https:\/\/www.kah-hagen.de\/kah\/wp-json\/wp\/v2\/pages"}],"about":[{"href":"https:\/\/www.kah-hagen.de\/kah\/wp-json\/wp\/v2\/types\/page"}],"author":[{"embeddable":true,"href":"https:\/\/www.kah-hagen.de\/kah\/wp-json\/wp\/v2\/users\/101015"}],"replies":[{"embeddable":true,"href":"https:\/\/www.kah-hagen.de\/kah\/wp-json\/wp\/v2\/comments?post=2411"}],"version-history":[{"count":5,"href":"https:\/\/www.kah-hagen.de\/kah\/wp-json\/wp\/v2\/pages\/2411\/revisions"}],"predecessor-version":[{"id":3406,"href":"https:\/\/www.kah-hagen.de\/kah\/wp-json\/wp\/v2\/pages\/2411\/revisions\/3406"}],"up":[{"embeddable":true,"href":"https:\/\/www.kah-hagen.de\/kah\/wp-json\/wp\/v2\/pages\/5"}],"wp:attachment":[{"href":"https:\/\/www.kah-hagen.de\/kah\/wp-json\/wp\/v2\/media?parent=2411"}],"curies":[{"name":"wp","href":"https:\/\/api.w.org\/{rel}","templated":true}]}}