{"id":2225,"date":"2019-01-14T19:07:35","date_gmt":"2019-01-14T17:07:35","guid":{"rendered":"https:\/\/www.kah-hagen.de\/kah\/?page_id=2225"},"modified":"2025-05-15T08:33:04","modified_gmt":"2025-05-15T06:33:04","slug":"hansen-meike","status":"publish","type":"page","link":"https:\/\/www.kah-hagen.de\/kah\/kunstlerinnen\/hansen-meike\/","title":{"rendered":"Hansen, Meike"},"content":{"rendered":"\n<p><\/p>\n\n\n\n<p>&#8222;vieles h\u00e4tte ich verstanden,<br>wenn man es mir nicht erkl\u00e4rt h\u00e4tte&#8220;<br>(Stanislaw Jerzy Lec)<\/p>\n\n\n\n<p>Kunst zu &gt;verstehen&lt; liegt immer im Sinne des Betrachters &#8211; wenn das Werk als &gt;ansprechend&lt; wahrgenommen wird, dann loest es auch immer ein &gt;Erleben&lt; aus, sagt es hingegen &gt;nichts&lt;, dann ist man vielleicht noch nicht bereit f\u00fcr solche Erlebnisse. Da koennen aber der Arzt und der Apotheker auch nichts daf\u00fcr.<\/p>\n\n\n\n<p>Moechtet ihr mal dr\u00fcber reden<br>oder lieber dr\u00fcber schweigen?<\/p>\n\n\n\n<p>Auf jeden Fall freu ich mich schon Euch in meinem Atelier begr\u00fc\u00dfen zu d\u00fcrfen.<\/p>\n\n\n\n<p>Liebe Gr\u00fc\u00dfe, Meike<\/p>\n\n\n\nngg_shortcode_0_placeholder\n","protected":false},"excerpt":{"rendered":"<p>&#8222;vieles h\u00e4tte ich verstanden,wenn man es mir nicht erkl\u00e4rt h\u00e4tte&#8220;(Stanislaw Jerzy Lec) Kunst zu &gt;verstehen&lt; liegt immer im Sinne des Betrachters &#8211; wenn das Werk als &gt;ansprechend&lt; wahrgenommen wird, dann loest es auch immer ein &gt;Erleben&lt; aus, sagt es hingegen &gt;nichts&lt;, dann ist man vielleicht noch nicht bereit f\u00fcr solche Erlebnisse. Da koennen aber der [&hellip;]<\/p>\n","protected":false},"author":101015,"featured_media":0,"parent":5,"menu_order":0,"comment_status":"closed","ping_status":"closed","template":"kuenstler.php","meta":{"ngg_post_thumbnail":0,"footnotes":""},"class_list":["post-2225","page","type-page","status-publish","hentry"],"_links":{"self":[{"href":"https:\/\/www.kah-hagen.de\/kah\/wp-json\/wp\/v2\/pages\/2225","targetHints":{"allow":["GET"]}}],"collection":[{"href":"https:\/\/www.kah-hagen.de\/kah\/wp-json\/wp\/v2\/pages"}],"about":[{"href":"https:\/\/www.kah-hagen.de\/kah\/wp-json\/wp\/v2\/types\/page"}],"author":[{"embeddable":true,"href":"https:\/\/www.kah-hagen.de\/kah\/wp-json\/wp\/v2\/users\/101015"}],"replies":[{"embeddable":true,"href":"https:\/\/www.kah-hagen.de\/kah\/wp-json\/wp\/v2\/comments?post=2225"}],"version-history":[{"count":4,"href":"https:\/\/www.kah-hagen.de\/kah\/wp-json\/wp\/v2\/pages\/2225\/revisions"}],"predecessor-version":[{"id":3481,"href":"https:\/\/www.kah-hagen.de\/kah\/wp-json\/wp\/v2\/pages\/2225\/revisions\/3481"}],"up":[{"embeddable":true,"href":"https:\/\/www.kah-hagen.de\/kah\/wp-json\/wp\/v2\/pages\/5"}],"wp:attachment":[{"href":"https:\/\/www.kah-hagen.de\/kah\/wp-json\/wp\/v2\/media?parent=2225"}],"curies":[{"name":"wp","href":"https:\/\/api.w.org\/{rel}","templated":true}]}}