{"id":2220,"date":"2021-02-14T19:04:57","date_gmt":"2021-02-14T17:04:57","guid":{"rendered":"https:\/\/www.kah-hagen.de\/kah\/?page_id=2220"},"modified":"2026-04-19T20:45:47","modified_gmt":"2026-04-19T18:45:47","slug":"haarmann-kathrin","status":"publish","type":"page","link":"https:\/\/www.kah-hagen.de\/kah\/kunstlerinnen\/haarmann-kathrin\/","title":{"rendered":"Haarmann, Kathrin"},"content":{"rendered":"\n<p class=\"has-small-font-size\">Atelier 1.2<\/p>\n\n\n\n<p class=\"has-small-font-size\">Abstrakte Malerei ist eine Entwicklung&nbsp;der Moderne und&nbsp;durch die (Wieder-)Entdeckung der&nbsp;Werke von Hilma af Klint aktueller&nbsp;den je. Durch unsere technischen Errungenschaften&nbsp;sind wir nicht mehr darauf angewiesen, auf Malerei&nbsp;als Mittel der Dokumentation und Konservation zur\u00fcck&nbsp;zu greifen. Der Begriff der Malerei hat sich weiter&nbsp;entwickelt und sich zu etwas Eigenem entfaltet.<\/p>\n\n\n\n<p class=\"has-small-font-size\"><br>Etwas, dass dem Menschen eine andere Perspektive&nbsp;und einen Moment des Innehaltens in seinem hektischen&nbsp;Leben bietet. Sie soll zum Nachdenken anregen,&nbsp;einen Perspektivwechsel hervor rufen, eine&nbsp;Atmosph\u00e4re erzeugen, einen dort ber\u00fchren, wo es&nbsp;moderne Medien nicht tun k\u00f6nnen. Ein neue Wirklichkeit,&nbsp;eine andere Welt schaffen, den Blick nach&nbsp;innen richten. Meine Malerei hat sich so entwickelt,&nbsp;dass ich es genie\u00dfe zu beobachten, wie Formen und&nbsp;Farben miteinander in Beziehung treten.&nbsp;<\/p>\n\n\n\n<p class=\"has-small-font-size\">Ich gebe&nbsp;mich meiner Intuition hin und \u00fcberlasse der Fantasie&nbsp;die Oberhand. Meine Bilder sollen einen gewissen&nbsp;Spielraum zulassen, der den Betrachter mit einbezieht.Ich liebe es, mit Collagen oder Malereien zu&nbsp;experimentieren, Strukturen und Muster zu kombinieren&nbsp;und organische, weiche Formen zu benutzen.&nbsp;Meine Bilder stellen das Miteinander und Nebeneinander&nbsp;dar, das sich beeinflussen, sich ber\u00fchren, sich ver\u00e4ndern. Individualit\u00e4t, im Einklang mit der Natur.<\/p>\n\n\n\n<div class=\"wp-block-columns is-layout-flex wp-container-core-columns-is-layout-9d6595d7 wp-block-columns-is-layout-flex\">\n<div class=\"wp-block-column is-layout-flow wp-block-column-is-layout-flow\">\n<figure class=\"wp-block-image size-full\"><img loading=\"lazy\" decoding=\"async\" width=\"1024\" height=\"798\" src=\"https:\/\/www.kah-hagen.de\/kah\/wp-content\/uploads\/2022\/12\/IMG_1741.jpg\" alt=\"\" class=\"wp-image-2899\" srcset=\"https:\/\/www.kah-hagen.de\/kah\/wp-content\/uploads\/2022\/12\/IMG_1741.jpg 1024w, https:\/\/www.kah-hagen.de\/kah\/wp-content\/uploads\/2022\/12\/IMG_1741-300x234.jpg 300w, https:\/\/www.kah-hagen.de\/kah\/wp-content\/uploads\/2022\/12\/IMG_1741-768x599.jpg 768w\" sizes=\"auto, (max-width: 1024px) 100vw, 1024px\" \/><\/figure>\n<\/div>\n<\/div>\n\n\n\n<p><em><strong>&nbsp;<\/strong><\/em><\/p>\n\n\n\n<div class=\"wp-block-columns is-layout-flex wp-container-core-columns-is-layout-9d6595d7 wp-block-columns-is-layout-flex\">\n<div class=\"wp-block-column is-layout-flow wp-block-column-is-layout-flow\">\n<figure class=\"wp-block-image size-full\"><img loading=\"lazy\" decoding=\"async\" width=\"1024\" height=\"721\" src=\"https:\/\/www.kah-hagen.de\/kah\/wp-content\/uploads\/2022\/12\/IMG_1743.jpg\" alt=\"\" class=\"wp-image-2902\" srcset=\"https:\/\/www.kah-hagen.de\/kah\/wp-content\/uploads\/2022\/12\/IMG_1743.jpg 1024w, https:\/\/www.kah-hagen.de\/kah\/wp-content\/uploads\/2022\/12\/IMG_1743-300x211.jpg 300w, https:\/\/www.kah-hagen.de\/kah\/wp-content\/uploads\/2022\/12\/IMG_1743-768x541.jpg 768w\" sizes=\"auto, (max-width: 1024px) 100vw, 1024px\" \/><\/figure>\n<\/div>\n\n\n\n<div class=\"wp-block-column is-layout-flow wp-block-column-is-layout-flow\">\n<figure class=\"wp-block-image size-full\"><img loading=\"lazy\" decoding=\"async\" width=\"795\" height=\"1024\" src=\"https:\/\/www.kah-hagen.de\/kah\/wp-content\/uploads\/2022\/12\/IMG_1742.jpg\" alt=\"\" class=\"wp-image-2901\" srcset=\"https:\/\/www.kah-hagen.de\/kah\/wp-content\/uploads\/2022\/12\/IMG_1742.jpg 795w, https:\/\/www.kah-hagen.de\/kah\/wp-content\/uploads\/2022\/12\/IMG_1742-233x300.jpg 233w, https:\/\/www.kah-hagen.de\/kah\/wp-content\/uploads\/2022\/12\/IMG_1742-768x989.jpg 768w\" sizes=\"auto, (max-width: 795px) 100vw, 795px\" \/><\/figure>\n<\/div>\n<\/div>\n\n\n\n<div class=\"wp-block-columns is-layout-flex wp-container-core-columns-is-layout-9d6595d7 wp-block-columns-is-layout-flex\">\n<div class=\"wp-block-column is-layout-flow wp-block-column-is-layout-flow\"><\/div>\n\n\n\n<div class=\"wp-block-column is-layout-flow wp-block-column-is-layout-flow\"><\/div>\n<\/div>\n","protected":false},"excerpt":{"rendered":"<p>Atelier 1.2 Abstrakte Malerei ist eine Entwicklung&nbsp;der Moderne und&nbsp;durch die (Wieder-)Entdeckung der&nbsp;Werke von Hilma af Klint aktueller&nbsp;den je. Durch unsere technischen Errungenschaften&nbsp;sind wir nicht mehr darauf angewiesen, auf Malerei&nbsp;als Mittel der Dokumentation und Konservation zur\u00fcck&nbsp;zu greifen. Der Begriff der Malerei hat sich weiter&nbsp;entwickelt und sich zu etwas Eigenem entfaltet. Etwas, dass dem Menschen eine andere [&hellip;]<\/p>\n","protected":false},"author":101015,"featured_media":0,"parent":5,"menu_order":0,"comment_status":"closed","ping_status":"closed","template":"kuenstler.php","meta":{"ngg_post_thumbnail":0,"footnotes":""},"class_list":["post-2220","page","type-page","status-publish","hentry"],"_links":{"self":[{"href":"https:\/\/www.kah-hagen.de\/kah\/wp-json\/wp\/v2\/pages\/2220","targetHints":{"allow":["GET"]}}],"collection":[{"href":"https:\/\/www.kah-hagen.de\/kah\/wp-json\/wp\/v2\/pages"}],"about":[{"href":"https:\/\/www.kah-hagen.de\/kah\/wp-json\/wp\/v2\/types\/page"}],"author":[{"embeddable":true,"href":"https:\/\/www.kah-hagen.de\/kah\/wp-json\/wp\/v2\/users\/101015"}],"replies":[{"embeddable":true,"href":"https:\/\/www.kah-hagen.de\/kah\/wp-json\/wp\/v2\/comments?post=2220"}],"version-history":[{"count":9,"href":"https:\/\/www.kah-hagen.de\/kah\/wp-json\/wp\/v2\/pages\/2220\/revisions"}],"predecessor-version":[{"id":3666,"href":"https:\/\/www.kah-hagen.de\/kah\/wp-json\/wp\/v2\/pages\/2220\/revisions\/3666"}],"up":[{"embeddable":true,"href":"https:\/\/www.kah-hagen.de\/kah\/wp-json\/wp\/v2\/pages\/5"}],"wp:attachment":[{"href":"https:\/\/www.kah-hagen.de\/kah\/wp-json\/wp\/v2\/media?parent=2220"}],"curies":[{"name":"wp","href":"https:\/\/api.w.org\/{rel}","templated":true}]}}