{"id":2206,"date":"2023-08-10T15:24:00","date_gmt":"2023-08-10T13:24:00","guid":{"rendered":"https:\/\/www.kah-hagen.de\/kah\/?page_id=2206"},"modified":"2026-04-28T09:18:32","modified_gmt":"2026-04-28T07:18:32","slug":"horst-robvander","status":"publish","type":"page","link":"https:\/\/www.kah-hagen.de\/kah\/kunstlerinnen\/horst-robvander\/","title":{"rendered":"Horst, Rob van der"},"content":{"rendered":"\n<h3 class=\"wp-block-heading\">Atelier 3.4 + 3.7<\/h3>\n\n\n\n<p><\/p>\n\n\n\n<div class=\"wp-block-columns is-layout-flex wp-container-core-columns-is-layout-9d6595d7 wp-block-columns-is-layout-flex\">\n<div class=\"wp-block-column is-layout-flow wp-block-column-is-layout-flow\">\n<p class=\"has-small-font-size\">Ich wurde 1959 in Amsterdam, Niederlande, geboren. W\u00e4hrend meiner Schulzeit belegte ich einige Kurse in Schwarz-Wei\u00df-Fotografie. Sp\u00e4ter wurde ich Mitglied einer Fotografengruppe (Stroming-Amstelveen). Mit dieser Gruppe nahm ich an mehreren Ausstellungen teil, unter anderem in der Canon Photo Gallery in Amsterdam. In meiner Arbeit erforschte ich die M\u00f6glichkeiten der Fotomontage und Kolorierung.<\/p>\n\n\n\n<p class=\"has-small-font-size\">1979 begann ich meine Ausbildung zur Lehrer f\u00fcr Kunst an der Hogeschool Holland in Amsterdam, die ich 1985 abschloss. Im selben Jahr begann ich ein Studium der Kunstgeschichte an der Universit\u00e4t Leiden. Doch ich stellte schnell fest, dass mir das k\u00fcnstlerische Schaffen mehr lag als die theoretische Auseinandersetzung damit.<\/p>\n\n\n\n<p class=\"has-small-font-size\">In den darauffolgenden Jahren widmete ich mich der Malerei und dem Unterrichten von Kunstkursen \u2013 vor allem Siebdruck. Mein Interesse an Schwarz-Wei\u00df-Fotografie verlor ich dabei, aber ich erforschte weiterhin innere Welten. Die \u201eSeth-B\u00fccher\u201c von Jane Roberts wurden zu einer bedeutenden Inspirationsquelle f\u00fcr mich. Ich folgte dem Weg, den Gauguin einst mit dem Titel beschrieb:<br>Woher wir kommen \u2013 Wer wir sind \u2013 Wohin wir gehen.<\/p>\n\n\n\n<p class=\"has-small-font-size\">1999 wechselte ich beruflich in die IT-Branche. Ich absolvierte Kurse in Oracle, Datenbanken und IT-Wartung. Seit dem Jahr 2000 arbeite ich f\u00fcr die Stadtverwaltung Amsterdam. Mit der zunehmenden Digitalisierung entdeckte ich die kreativen M\u00f6glichkeiten von Photoshop. Heute lebe ich in Hagen, Deutschland.<\/p>\n\n\n\n<p><\/p>\n\n\n\n<h3 class=\"wp-block-heading\"><\/h3>\n<\/div>\n<\/div>\n\n\n\nngg_shortcode_0_placeholder\n\n\n\n<p><\/p>\n\n\n\n<h3 class=\"wp-block-heading\"><a href=\"http:\/\/www.robvanderhorst.de\" target=\"_blank\" rel=\"noreferrer noopener\">www.robvanderhorst.de<\/a><\/h3>\n\n\n\n<p>email: rbvndrhrst@gmail.com<\/p>\n","protected":false},"excerpt":{"rendered":"<p>Atelier 3.4 + 3.7 Ich wurde 1959 in Amsterdam, Niederlande, geboren. W\u00e4hrend meiner Schulzeit belegte ich einige Kurse in Schwarz-Wei\u00df-Fotografie. Sp\u00e4ter wurde ich Mitglied einer Fotografengruppe (Stroming-Amstelveen). Mit dieser Gruppe nahm ich an mehreren Ausstellungen teil, unter anderem in der Canon Photo Gallery in Amsterdam. In meiner Arbeit erforschte ich die M\u00f6glichkeiten der Fotomontage und [&hellip;]<\/p>\n","protected":false},"author":101015,"featured_media":0,"parent":5,"menu_order":0,"comment_status":"closed","ping_status":"closed","template":"kuenstler.php","meta":{"ngg_post_thumbnail":0,"footnotes":""},"class_list":["post-2206","page","type-page","status-publish","hentry"],"_links":{"self":[{"href":"https:\/\/www.kah-hagen.de\/kah\/wp-json\/wp\/v2\/pages\/2206","targetHints":{"allow":["GET"]}}],"collection":[{"href":"https:\/\/www.kah-hagen.de\/kah\/wp-json\/wp\/v2\/pages"}],"about":[{"href":"https:\/\/www.kah-hagen.de\/kah\/wp-json\/wp\/v2\/types\/page"}],"author":[{"embeddable":true,"href":"https:\/\/www.kah-hagen.de\/kah\/wp-json\/wp\/v2\/users\/101015"}],"replies":[{"embeddable":true,"href":"https:\/\/www.kah-hagen.de\/kah\/wp-json\/wp\/v2\/comments?post=2206"}],"version-history":[{"count":16,"href":"https:\/\/www.kah-hagen.de\/kah\/wp-json\/wp\/v2\/pages\/2206\/revisions"}],"predecessor-version":[{"id":3690,"href":"https:\/\/www.kah-hagen.de\/kah\/wp-json\/wp\/v2\/pages\/2206\/revisions\/3690"}],"up":[{"embeddable":true,"href":"https:\/\/www.kah-hagen.de\/kah\/wp-json\/wp\/v2\/pages\/5"}],"wp:attachment":[{"href":"https:\/\/www.kah-hagen.de\/kah\/wp-json\/wp\/v2\/media?parent=2206"}],"curies":[{"name":"wp","href":"https:\/\/api.w.org\/{rel}","templated":true}]}}