{"id":2091,"date":"2018-04-15T20:03:18","date_gmt":"2018-04-15T18:03:18","guid":{"rendered":"https:\/\/www.kah-hagen.de\/kah\/?page_id=2091"},"modified":"2025-04-11T08:45:52","modified_gmt":"2025-04-11T06:45:52","slug":"kreuser-christel","status":"publish","type":"page","link":"https:\/\/www.kah-hagen.de\/kah\/kunstlerinnen\/kreuser-christel\/","title":{"rendered":"Kreuser, Christel"},"content":{"rendered":"\n<h3 class=\"wp-block-heading\">Atelier 1.3<\/h3>\n\n\n\n<p class=\"has-small-font-size\">Ich bin gl\u00fccklich, jetzt ausreichend Zeit f\u00fcr sch\u00f6ne Dinge zu haben.<br>Schon in der Natur gibt es eine unglaubliche Farbgebung, die mich fasziniert.<\/p>\n\n\n\n<p class=\"has-small-font-size\">In meiner k\u00fcnstlerischen T\u00e4tigkeit arbeite ich mit unterschiedlichsten Materialien.&nbsp;Meine besondere Liebe gilt der Verwendung von Spachtelmaterialien, Eisenpulver und Gips.&nbsp;Daraus entstehen Skulpturen, K\u00f6pfe und Collagen.<\/p>\n\n\n\n<p class=\"has-small-font-size\">Seit 2016 bin ich im Kunst- und Atelierhaus und engagiere mich im K\u00fcnstlerbeirat.<\/p>\n\n\n\n<figure class=\"wp-block-gallery has-nested-images columns-2 is-cropped wp-block-gallery-1 is-layout-flex wp-block-gallery-is-layout-flex\">\n<figure class=\"wp-block-image size-full\"><a href=\"https:\/\/www.kah-hagen.de\/kah\/wp-content\/uploads\/2021\/09\/20-2.jpg\"><img loading=\"lazy\" decoding=\"async\" width=\"683\" height=\"1024\" data-id=\"2562\" src=\"https:\/\/www.kah-hagen.de\/kah\/wp-content\/uploads\/2021\/09\/20-2.jpg\" alt=\"\" class=\"wp-image-2562\" srcset=\"https:\/\/www.kah-hagen.de\/kah\/wp-content\/uploads\/2021\/09\/20-2.jpg 683w, https:\/\/www.kah-hagen.de\/kah\/wp-content\/uploads\/2021\/09\/20-2-600x900.jpg 600w, https:\/\/www.kah-hagen.de\/kah\/wp-content\/uploads\/2021\/09\/20-2-200x300.jpg 200w\" sizes=\"auto, (max-width: 683px) 100vw, 683px\" \/><\/a><\/figure>\n\n\n\n<figure class=\"wp-block-image size-full\"><a href=\"https:\/\/www.kah-hagen.de\/kah\/wp-content\/uploads\/2021\/09\/20210925_125433.jpg\"><img loading=\"lazy\" decoding=\"async\" width=\"728\" height=\"1024\" data-id=\"2566\" src=\"https:\/\/www.kah-hagen.de\/kah\/wp-content\/uploads\/2021\/09\/20210925_125433.jpg\" alt=\"\" class=\"wp-image-2566\" srcset=\"https:\/\/www.kah-hagen.de\/kah\/wp-content\/uploads\/2021\/09\/20210925_125433.jpg 728w, https:\/\/www.kah-hagen.de\/kah\/wp-content\/uploads\/2021\/09\/20210925_125433-600x844.jpg 600w, https:\/\/www.kah-hagen.de\/kah\/wp-content\/uploads\/2021\/09\/20210925_125433-213x300.jpg 213w\" sizes=\"auto, (max-width: 728px) 100vw, 728px\" \/><\/a><\/figure>\n\n\n\n<figure class=\"wp-block-image size-full\"><a href=\"https:\/\/www.kah-hagen.de\/kah\/wp-content\/uploads\/2021\/09\/20210126_144019.jpg\"><img loading=\"lazy\" decoding=\"async\" width=\"825\" height=\"1024\" data-id=\"2564\" src=\"https:\/\/www.kah-hagen.de\/kah\/wp-content\/uploads\/2021\/09\/20210126_144019.jpg\" alt=\"\" class=\"wp-image-2564\" srcset=\"https:\/\/www.kah-hagen.de\/kah\/wp-content\/uploads\/2021\/09\/20210126_144019.jpg 825w, https:\/\/www.kah-hagen.de\/kah\/wp-content\/uploads\/2021\/09\/20210126_144019-600x745.jpg 600w, https:\/\/www.kah-hagen.de\/kah\/wp-content\/uploads\/2021\/09\/20210126_144019-242x300.jpg 242w, https:\/\/www.kah-hagen.de\/kah\/wp-content\/uploads\/2021\/09\/20210126_144019-768x953.jpg 768w\" sizes=\"auto, (max-width: 825px) 100vw, 825px\" \/><\/a><\/figure>\n\n\n\n<figure class=\"wp-block-image size-full\"><a href=\"https:\/\/www.kah-hagen.de\/kah\/wp-content\/uploads\/2021\/09\/20210601_1319292.jpg\"><img loading=\"lazy\" decoding=\"async\" width=\"1024\" height=\"1024\" data-id=\"2567\" src=\"https:\/\/www.kah-hagen.de\/kah\/wp-content\/uploads\/2021\/09\/20210601_1319292.jpg\" alt=\"\" class=\"wp-image-2567\" srcset=\"https:\/\/www.kah-hagen.de\/kah\/wp-content\/uploads\/2021\/09\/20210601_1319292.jpg 1024w, https:\/\/www.kah-hagen.de\/kah\/wp-content\/uploads\/2021\/09\/20210601_1319292-300x300.jpg 300w, https:\/\/www.kah-hagen.de\/kah\/wp-content\/uploads\/2021\/09\/20210601_1319292-100x100.jpg 100w, https:\/\/www.kah-hagen.de\/kah\/wp-content\/uploads\/2021\/09\/20210601_1319292-600x600.jpg 600w, https:\/\/www.kah-hagen.de\/kah\/wp-content\/uploads\/2021\/09\/20210601_1319292-150x150.jpg 150w, https:\/\/www.kah-hagen.de\/kah\/wp-content\/uploads\/2021\/09\/20210601_1319292-768x768.jpg 768w\" sizes=\"auto, (max-width: 1024px) 100vw, 1024px\" \/><\/a><\/figure>\n\n\n\n<figure class=\"wp-block-image size-full\"><a href=\"https:\/\/www.kah-hagen.de\/kah\/wp-content\/uploads\/2021\/09\/20210527_134938.jpg\"><img loading=\"lazy\" decoding=\"async\" width=\"720\" height=\"1024\" data-id=\"2568\" src=\"https:\/\/www.kah-hagen.de\/kah\/wp-content\/uploads\/2021\/09\/20210527_134938.jpg\" alt=\"\" class=\"wp-image-2568\" srcset=\"https:\/\/www.kah-hagen.de\/kah\/wp-content\/uploads\/2021\/09\/20210527_134938.jpg 720w, https:\/\/www.kah-hagen.de\/kah\/wp-content\/uploads\/2021\/09\/20210527_134938-600x853.jpg 600w, https:\/\/www.kah-hagen.de\/kah\/wp-content\/uploads\/2021\/09\/20210527_134938-211x300.jpg 211w\" sizes=\"auto, (max-width: 720px) 100vw, 720px\" \/><\/a><\/figure>\n\n\n\n<figure class=\"wp-block-image size-full\"><a href=\"https:\/\/www.kah-hagen.de\/kah\/wp-content\/uploads\/2021\/09\/20210925_125141-1.jpg\"><img loading=\"lazy\" decoding=\"async\" width=\"1024\" height=\"615\" data-id=\"2573\" src=\"https:\/\/www.kah-hagen.de\/kah\/wp-content\/uploads\/2021\/09\/20210925_125141-1.jpg\" alt=\"\" class=\"wp-image-2573\" srcset=\"https:\/\/www.kah-hagen.de\/kah\/wp-content\/uploads\/2021\/09\/20210925_125141-1.jpg 1024w, https:\/\/www.kah-hagen.de\/kah\/wp-content\/uploads\/2021\/09\/20210925_125141-1-600x360.jpg 600w, https:\/\/www.kah-hagen.de\/kah\/wp-content\/uploads\/2021\/09\/20210925_125141-1-300x180.jpg 300w, https:\/\/www.kah-hagen.de\/kah\/wp-content\/uploads\/2021\/09\/20210925_125141-1-768x461.jpg 768w\" sizes=\"auto, (max-width: 1024px) 100vw, 1024px\" \/><\/a><\/figure>\n\n\n\n<figure class=\"wp-block-image size-full\"><a href=\"https:\/\/www.kah-hagen.de\/kah\/wp-content\/uploads\/2021\/09\/1260648818_IMG-20201024-WA0019_150627.jpg\"><img loading=\"lazy\" decoding=\"async\" width=\"461\" height=\"747\" data-id=\"2571\" src=\"https:\/\/www.kah-hagen.de\/kah\/wp-content\/uploads\/2021\/09\/1260648818_IMG-20201024-WA0019_150627.jpg\" alt=\"\" class=\"wp-image-2571\" srcset=\"https:\/\/www.kah-hagen.de\/kah\/wp-content\/uploads\/2021\/09\/1260648818_IMG-20201024-WA0019_150627.jpg 461w, https:\/\/www.kah-hagen.de\/kah\/wp-content\/uploads\/2021\/09\/1260648818_IMG-20201024-WA0019_150627-185x300.jpg 185w\" sizes=\"auto, (max-width: 461px) 100vw, 461px\" \/><\/a><\/figure>\n\n\n\n<figure class=\"wp-block-image size-full\"><a href=\"https:\/\/www.kah-hagen.de\/kah\/wp-content\/uploads\/2021\/09\/20201013_144931.jpg\"><img loading=\"lazy\" decoding=\"async\" width=\"496\" height=\"1024\" data-id=\"2570\" src=\"https:\/\/www.kah-hagen.de\/kah\/wp-content\/uploads\/2021\/09\/20201013_144931.jpg\" alt=\"\" class=\"wp-image-2570\" srcset=\"https:\/\/www.kah-hagen.de\/kah\/wp-content\/uploads\/2021\/09\/20201013_144931.jpg 496w, https:\/\/www.kah-hagen.de\/kah\/wp-content\/uploads\/2021\/09\/20201013_144931-145x300.jpg 145w\" sizes=\"auto, (max-width: 496px) 100vw, 496px\" \/><\/a><\/figure>\n\n\n\n<figure class=\"wp-block-image size-full\"><a href=\"https:\/\/www.kah-hagen.de\/kah\/wp-content\/uploads\/2021\/09\/1212735860_IMG_20201001_221758_917_45360.jpg\"><img loading=\"lazy\" decoding=\"async\" width=\"537\" height=\"386\" data-id=\"2576\" src=\"https:\/\/www.kah-hagen.de\/kah\/wp-content\/uploads\/2021\/09\/1212735860_IMG_20201001_221758_917_45360.jpg\" alt=\"\" class=\"wp-image-2576\" srcset=\"https:\/\/www.kah-hagen.de\/kah\/wp-content\/uploads\/2021\/09\/1212735860_IMG_20201001_221758_917_45360.jpg 537w, https:\/\/www.kah-hagen.de\/kah\/wp-content\/uploads\/2021\/09\/1212735860_IMG_20201001_221758_917_45360-300x216.jpg 300w\" sizes=\"auto, (max-width: 537px) 100vw, 537px\" \/><\/a><\/figure>\n\n\n\n<figure class=\"wp-block-image size-full\"><a href=\"https:\/\/www.kah-hagen.de\/kah\/wp-content\/uploads\/2021\/09\/20210323_1427212-1.jpg\"><img loading=\"lazy\" decoding=\"async\" width=\"987\" height=\"1024\" data-id=\"2577\" src=\"https:\/\/www.kah-hagen.de\/kah\/wp-content\/uploads\/2021\/09\/20210323_1427212-1.jpg\" alt=\"\" class=\"wp-image-2577\" srcset=\"https:\/\/www.kah-hagen.de\/kah\/wp-content\/uploads\/2021\/09\/20210323_1427212-1.jpg 987w, https:\/\/www.kah-hagen.de\/kah\/wp-content\/uploads\/2021\/09\/20210323_1427212-1-600x622.jpg 600w, https:\/\/www.kah-hagen.de\/kah\/wp-content\/uploads\/2021\/09\/20210323_1427212-1-289x300.jpg 289w, https:\/\/www.kah-hagen.de\/kah\/wp-content\/uploads\/2021\/09\/20210323_1427212-1-768x797.jpg 768w\" sizes=\"auto, (max-width: 987px) 100vw, 987px\" \/><\/a><\/figure>\n\n\n\n<figure class=\"wp-block-image size-full\"><a href=\"https:\/\/www.kah-hagen.de\/kah\/wp-content\/uploads\/2021\/09\/20210312_182628-1.jpg\"><img loading=\"lazy\" decoding=\"async\" width=\"768\" height=\"1024\" data-id=\"2578\" src=\"https:\/\/www.kah-hagen.de\/kah\/wp-content\/uploads\/2021\/09\/20210312_182628-1.jpg\" alt=\"\" class=\"wp-image-2578\" srcset=\"https:\/\/www.kah-hagen.de\/kah\/wp-content\/uploads\/2021\/09\/20210312_182628-1.jpg 768w, https:\/\/www.kah-hagen.de\/kah\/wp-content\/uploads\/2021\/09\/20210312_182628-1-600x800.jpg 600w, https:\/\/www.kah-hagen.de\/kah\/wp-content\/uploads\/2021\/09\/20210312_182628-1-225x300.jpg 225w\" sizes=\"auto, (max-width: 768px) 100vw, 768px\" \/><\/a><\/figure>\n<\/figure>\n","protected":false},"excerpt":{"rendered":"<p>Atelier 1.3 Ich bin gl\u00fccklich, jetzt ausreichend Zeit f\u00fcr sch\u00f6ne Dinge zu haben.Schon in der Natur gibt es eine unglaubliche Farbgebung, die mich fasziniert. In meiner k\u00fcnstlerischen T\u00e4tigkeit arbeite ich mit unterschiedlichsten Materialien.&nbsp;Meine besondere Liebe gilt der Verwendung von Spachtelmaterialien, Eisenpulver und Gips.&nbsp;Daraus entstehen Skulpturen, K\u00f6pfe und Collagen. Seit 2016 bin ich im Kunst- und [&hellip;]<\/p>\n","protected":false},"author":101015,"featured_media":0,"parent":5,"menu_order":0,"comment_status":"closed","ping_status":"closed","template":"kuenstler.php","meta":{"ngg_post_thumbnail":0,"footnotes":""},"class_list":["post-2091","page","type-page","status-publish","hentry"],"_links":{"self":[{"href":"https:\/\/www.kah-hagen.de\/kah\/wp-json\/wp\/v2\/pages\/2091","targetHints":{"allow":["GET"]}}],"collection":[{"href":"https:\/\/www.kah-hagen.de\/kah\/wp-json\/wp\/v2\/pages"}],"about":[{"href":"https:\/\/www.kah-hagen.de\/kah\/wp-json\/wp\/v2\/types\/page"}],"author":[{"embeddable":true,"href":"https:\/\/www.kah-hagen.de\/kah\/wp-json\/wp\/v2\/users\/101015"}],"replies":[{"embeddable":true,"href":"https:\/\/www.kah-hagen.de\/kah\/wp-json\/wp\/v2\/comments?post=2091"}],"version-history":[{"count":8,"href":"https:\/\/www.kah-hagen.de\/kah\/wp-json\/wp\/v2\/pages\/2091\/revisions"}],"predecessor-version":[{"id":3413,"href":"https:\/\/www.kah-hagen.de\/kah\/wp-json\/wp\/v2\/pages\/2091\/revisions\/3413"}],"up":[{"embeddable":true,"href":"https:\/\/www.kah-hagen.de\/kah\/wp-json\/wp\/v2\/pages\/5"}],"wp:attachment":[{"href":"https:\/\/www.kah-hagen.de\/kah\/wp-json\/wp\/v2\/media?parent=2091"}],"curies":[{"name":"wp","href":"https:\/\/api.w.org\/{rel}","templated":true}]}}