{"id":16,"date":"2008-05-29T18:03:52","date_gmt":"2008-05-29T16:03:52","guid":{"rendered":"http:\/\/www.kah-hagen.de\/wordpress\/?page_id=16"},"modified":"2025-04-11T08:34:47","modified_gmt":"2025-04-11T06:34:47","slug":"marcus-pinter","status":"publish","type":"page","link":"https:\/\/www.kah-hagen.de\/kah\/kunstlerinnen\/marcus-pinter\/","title":{"rendered":"Pint\u00e9r, Marcus"},"content":{"rendered":"\n<p class=\"has-small-font-size\">Ateliers 2.5 und 2.6<\/p>\n\n\n\n<blockquote class=\"wp-block-quote is-layout-flow wp-block-quote-is-layout-flow\">\n<p class=\"has-small-font-size\">Marcus Pint\u00e9r wurde 1971 in den USA geboren.<\/p>\n\n\n\n<p class=\"has-small-font-size\">Ich lebe seit 1996 in Deutschland. Mein Vater, der K\u00fcnstler und Grafikdesigner George Pint\u00e9r, ist mir ein gro\u00dfes Vorbild. Er hat mich ermutigt, mein Leben der Kunst zu verschreiben.<\/p>\n\n\n\n<p class=\"has-small-font-size\">Angefangen hat es bei mir mit Comics aus meinem zwischenzeitlichen Arbeitsleben als Schlosser. Dieser Beruf brachte meine tiefe Liebe zu dem Material Metall hervor. Metallskulpturen aus Edelstahl sind neben Gem\u00e4lden mit Acryl deshalb schon in gr\u00f6\u00dferer Zahl entstanden.<\/p>\n\n\n\n<p class=\"has-small-font-size\">Im Jahr 2004 habe ich meinen Abschluss als Grafik-Designer gemacht. Ich arbeite nun seit 2005 in Hagen als freischaffender K\u00fcnstler. Im Jahr 2007 habe ich mit anderen das Kunst- und Atelierhaus Hagen e.V. gegr\u00fcndet. Gegen\u00fcber dem Karl-Ernst-Osthaus-Museum habe ich nun meine Atelierr\u00e4ume.<\/p>\n\n\n\n<p class=\"has-small-font-size\">2003 Ausstellung bei Needful Things in L\u00fcdenscheid<\/p>\n\n\n\n<p class=\"has-small-font-size\">2004 Weinetiketten-Wettbewerb in Esslingen gewonnen<\/p>\n\n\n\n<p class=\"has-small-font-size\">2005 Sammelausstellung in der Stadthalle Hagen \u2018Haus f\u00fcr Kinder&#8216;<\/p>\n<\/blockquote>ngg_shortcode_0_placeholder","protected":false},"excerpt":{"rendered":"<p>Ateliers 2.5 und 2.6 Marcus Pint\u00e9r wurde 1971 in den USA geboren. Ich lebe seit 1996 in Deutschland. Mein Vater, der K\u00fcnstler und Grafikdesigner George Pint\u00e9r, ist mir ein gro\u00dfes Vorbild. Er hat mich ermutigt, mein Leben der Kunst zu verschreiben. Angefangen hat es bei mir mit Comics aus meinem zwischenzeitlichen Arbeitsleben als Schlosser. Dieser [&hellip;]<\/p>\n","protected":false},"author":101015,"featured_media":0,"parent":5,"menu_order":0,"comment_status":"closed","ping_status":"closed","template":"kuenstler.php","meta":{"ngg_post_thumbnail":0,"footnotes":""},"class_list":["post-16","page","type-page","status-publish","hentry"],"_links":{"self":[{"href":"https:\/\/www.kah-hagen.de\/kah\/wp-json\/wp\/v2\/pages\/16","targetHints":{"allow":["GET"]}}],"collection":[{"href":"https:\/\/www.kah-hagen.de\/kah\/wp-json\/wp\/v2\/pages"}],"about":[{"href":"https:\/\/www.kah-hagen.de\/kah\/wp-json\/wp\/v2\/types\/page"}],"author":[{"embeddable":true,"href":"https:\/\/www.kah-hagen.de\/kah\/wp-json\/wp\/v2\/users\/101015"}],"replies":[{"embeddable":true,"href":"https:\/\/www.kah-hagen.de\/kah\/wp-json\/wp\/v2\/comments?post=16"}],"version-history":[{"count":6,"href":"https:\/\/www.kah-hagen.de\/kah\/wp-json\/wp\/v2\/pages\/16\/revisions"}],"predecessor-version":[{"id":3408,"href":"https:\/\/www.kah-hagen.de\/kah\/wp-json\/wp\/v2\/pages\/16\/revisions\/3408"}],"up":[{"embeddable":true,"href":"https:\/\/www.kah-hagen.de\/kah\/wp-json\/wp\/v2\/pages\/5"}],"wp:attachment":[{"href":"https:\/\/www.kah-hagen.de\/kah\/wp-json\/wp\/v2\/media?parent=16"}],"curies":[{"name":"wp","href":"https:\/\/api.w.org\/{rel}","templated":true}]}}