{"id":14,"date":"2008-05-29T16:36:53","date_gmt":"2008-05-29T14:36:53","guid":{"rendered":"http:\/\/www.kah-hagen.de\/wordpress\/?page_id=14"},"modified":"2026-03-29T20:02:16","modified_gmt":"2026-03-29T18:02:16","slug":"vorstand","status":"publish","type":"page","link":"https:\/\/www.kah-hagen.de\/kah\/verein\/vorstand\/","title":{"rendered":"Vorstand"},"content":{"rendered":"\n<p>Der Vorstand des Vereins besteht aus dem Vorstand, dem K\u00fcnstlerbeiratssprecher, dem Kassenwart und dem Eigent\u00fcmervertreter.<\/p>\n\n\n\n<p>Diese \u00c4mter bekleiden:<\/p>\n\n\n\n<ul class=\"wp-block-list\">\n<li><strong>Roman von G\u00f6tz<\/strong> (1.Vorstand)<\/li>\n\n\n\n<li><strong>Carola Obarowski<\/strong> (2. Vorstand )<\/li>\n\n\n\n<li><strong>Anja Burian-Pint\u00e9r<\/strong> (Kassenwartin)<\/li>\n\n\n\n<li><strong><strong>Rob van der Horst<\/strong><\/strong> (KB-Sprecher)<\/li>\n\n\n\n<li><strong>Kolja-Eric R\u00fc\u00dfmann<\/strong> (E-Vertreter)<\/li>\n<\/ul>\n","protected":false},"excerpt":{"rendered":"<p>Der Vorstand des Vereins besteht aus dem Vorstand, dem K\u00fcnstlerbeiratssprecher, dem Kassenwart und dem Eigent\u00fcmervertreter. Diese \u00c4mter bekleiden:<\/p>\n","protected":false},"author":101015,"featured_media":0,"parent":13,"menu_order":15,"comment_status":"closed","ping_status":"closed","template":"verein.php","meta":{"ngg_post_thumbnail":0,"footnotes":""},"class_list":["post-14","page","type-page","status-publish","hentry"],"_links":{"self":[{"href":"https:\/\/www.kah-hagen.de\/kah\/wp-json\/wp\/v2\/pages\/14","targetHints":{"allow":["GET"]}}],"collection":[{"href":"https:\/\/www.kah-hagen.de\/kah\/wp-json\/wp\/v2\/pages"}],"about":[{"href":"https:\/\/www.kah-hagen.de\/kah\/wp-json\/wp\/v2\/types\/page"}],"author":[{"embeddable":true,"href":"https:\/\/www.kah-hagen.de\/kah\/wp-json\/wp\/v2\/users\/101015"}],"replies":[{"embeddable":true,"href":"https:\/\/www.kah-hagen.de\/kah\/wp-json\/wp\/v2\/comments?post=14"}],"version-history":[{"count":9,"href":"https:\/\/www.kah-hagen.de\/kah\/wp-json\/wp\/v2\/pages\/14\/revisions"}],"predecessor-version":[{"id":3657,"href":"https:\/\/www.kah-hagen.de\/kah\/wp-json\/wp\/v2\/pages\/14\/revisions\/3657"}],"up":[{"embeddable":true,"href":"https:\/\/www.kah-hagen.de\/kah\/wp-json\/wp\/v2\/pages\/13"}],"wp:attachment":[{"href":"https:\/\/www.kah-hagen.de\/kah\/wp-json\/wp\/v2\/media?parent=14"}],"curies":[{"name":"wp","href":"https:\/\/api.w.org\/{rel}","templated":true}]}}