{"id":1370,"date":"2014-07-01T00:08:53","date_gmt":"2014-06-30T22:08:53","guid":{"rendered":"http:\/\/www.kah-hagen.de\/?page_id=1370"},"modified":"2025-04-11T08:28:17","modified_gmt":"2025-04-11T06:28:17","slug":"paolo-signorile","status":"publish","type":"page","link":"https:\/\/www.kah-hagen.de\/kah\/kunstlerinnen\/paolo-signorile\/","title":{"rendered":"Signorile, Paolo"},"content":{"rendered":"\n<p>Atelier 2.9<\/p>\n\n\n\n<blockquote class=\"wp-block-quote is-layout-flow wp-block-quote-is-layout-flow\">\n<p class=\"has-small-font-size\">Paolo Signorile wurde am 07.12.1949 in Livorno (Toskana) geboren.<\/p>\n\n\n\n<p class=\"has-small-font-size\">W\u00e4hrend seines Studiums in Industrietechnik entdeckte er seine Leidenschaft f\u00fcr die Malerei und studierte sodann an der Kunstakademie Brera, Mailand. Hier besch\u00e4ftigte er sich mit den klassischen italienischen Meistern des 15. und 16. Jahrhunderts wie Michelangelo, Tiziano, Canaletto und im Besonderen mit Caravaggio.<\/p>\n\n\n\n<p class=\"has-small-font-size\">Nach 1977 wandeln sich seine Bilder auf fast schon radikale Weise: Angefangen mit klassischen Landschaftsdarstellungen sind seine Bilder nun oft gepr\u00e4gt von bizarren Formen und ungewohnten Figuren, die Einsamkeit, Schmerz, Rebellion und Leidenschaft widerspiegeln.<\/p>\n\n\n\n<p class=\"has-small-font-size\">Inzwischen sind mehr als 600 Bilder entstanden. Seine Werke sind heute in Privatbesitz in zahlreichen L\u00e4ndern wie Deutschland, Italien, England, Australien und in der Schweiz zu finden.<\/p>\n<\/blockquote>\n\n\n\n<p class=\"has-small-font-size\">Kontakt:<\/p>\n\n\n\n<p class=\"has-small-font-size\">Paolo Signorile<\/p>\n\n\n\n<p class=\"has-small-font-size\">0163 486 34 33<\/p>\n\n\n\n<figure class=\"wp-block-gallery has-nested-images columns-4 is-cropped wp-block-gallery-1 is-layout-flex wp-block-gallery-is-layout-flex\">\n<figure class=\"wp-block-image size-large\"><a href=\"https:\/\/www.kah-hagen.de\/kah\/wp-content\/uploads\/2014\/07\/CIMG0505-Custom.jpg\"><img loading=\"lazy\" decoding=\"async\" width=\"567\" height=\"375\" data-id=\"1372\" src=\"https:\/\/www.kah-hagen.de\/kah\/wp-content\/uploads\/2014\/07\/CIMG0505-Custom.jpg\" alt=\"\" class=\"wp-image-1372\" srcset=\"https:\/\/www.kah-hagen.de\/kah\/wp-content\/uploads\/2014\/07\/CIMG0505-Custom.jpg 567w, https:\/\/www.kah-hagen.de\/kah\/wp-content\/uploads\/2014\/07\/CIMG0505-Custom-300x198.jpg 300w\" sizes=\"auto, (max-width: 567px) 100vw, 567px\" \/><\/a><\/figure>\n\n\n\n<figure class=\"wp-block-image size-large\"><a href=\"https:\/\/www.kah-hagen.de\/kah\/wp-content\/uploads\/2014\/07\/CIMG0507-Customweb.jpg\"><img loading=\"lazy\" decoding=\"async\" width=\"567\" height=\"411\" data-id=\"1373\" src=\"https:\/\/www.kah-hagen.de\/kah\/wp-content\/uploads\/2014\/07\/CIMG0507-Customweb.jpg\" alt=\"\" class=\"wp-image-1373\" srcset=\"https:\/\/www.kah-hagen.de\/kah\/wp-content\/uploads\/2014\/07\/CIMG0507-Customweb.jpg 567w, https:\/\/www.kah-hagen.de\/kah\/wp-content\/uploads\/2014\/07\/CIMG0507-Customweb-300x217.jpg 300w\" sizes=\"auto, (max-width: 567px) 100vw, 567px\" \/><\/a><\/figure>\n\n\n\n<figure class=\"wp-block-image size-large\"><a href=\"https:\/\/www.kah-hagen.de\/kah\/wp-content\/uploads\/2014\/07\/CIMG0508-Customweb.jpg\"><img loading=\"lazy\" decoding=\"async\" width=\"567\" height=\"395\" data-id=\"1374\" src=\"https:\/\/www.kah-hagen.de\/kah\/wp-content\/uploads\/2014\/07\/CIMG0508-Customweb.jpg\" alt=\"\" class=\"wp-image-1374\" srcset=\"https:\/\/www.kah-hagen.de\/kah\/wp-content\/uploads\/2014\/07\/CIMG0508-Customweb.jpg 567w, https:\/\/www.kah-hagen.de\/kah\/wp-content\/uploads\/2014\/07\/CIMG0508-Customweb-300x208.jpg 300w\" sizes=\"auto, (max-width: 567px) 100vw, 567px\" \/><\/a><\/figure>\n\n\n\n<figure class=\"wp-block-image size-large\"><a href=\"https:\/\/www.kah-hagen.de\/kah\/wp-content\/uploads\/2014\/07\/CIMG0509-Custom.jpg\"><img loading=\"lazy\" decoding=\"async\" width=\"567\" height=\"359\" data-id=\"1375\" src=\"https:\/\/www.kah-hagen.de\/kah\/wp-content\/uploads\/2014\/07\/CIMG0509-Custom.jpg\" alt=\"\" class=\"wp-image-1375\" srcset=\"https:\/\/www.kah-hagen.de\/kah\/wp-content\/uploads\/2014\/07\/CIMG0509-Custom.jpg 567w, https:\/\/www.kah-hagen.de\/kah\/wp-content\/uploads\/2014\/07\/CIMG0509-Custom-300x189.jpg 300w\" sizes=\"auto, (max-width: 567px) 100vw, 567px\" \/><\/a><\/figure>\n\n\n\n<figure class=\"wp-block-image size-large\"><a href=\"https:\/\/www.kah-hagen.de\/kah\/wp-content\/uploads\/2014\/07\/CIMG0512-Custom.jpg\"><img loading=\"lazy\" decoding=\"async\" width=\"425\" height=\"263\" data-id=\"1376\" src=\"https:\/\/www.kah-hagen.de\/kah\/wp-content\/uploads\/2014\/07\/CIMG0512-Custom.jpg\" alt=\"\" class=\"wp-image-1376\" srcset=\"https:\/\/www.kah-hagen.de\/kah\/wp-content\/uploads\/2014\/07\/CIMG0512-Custom.jpg 425w, https:\/\/www.kah-hagen.de\/kah\/wp-content\/uploads\/2014\/07\/CIMG0512-Custom-300x185.jpg 300w\" sizes=\"auto, (max-width: 425px) 100vw, 425px\" \/><\/a><\/figure>\n\n\n\n<figure class=\"wp-block-image size-large\"><a href=\"https:\/\/www.kah-hagen.de\/kah\/wp-content\/uploads\/2014\/07\/CIMG0513-Customweb.jpg\"><img loading=\"lazy\" decoding=\"async\" width=\"1024\" height=\"624\" data-id=\"1377\" src=\"https:\/\/www.kah-hagen.de\/kah\/wp-content\/uploads\/2014\/07\/CIMG0513-Customweb-1024x624.jpg\" alt=\"\" class=\"wp-image-1377\" srcset=\"https:\/\/www.kah-hagen.de\/kah\/wp-content\/uploads\/2014\/07\/CIMG0513-Customweb.jpg 1024w, https:\/\/www.kah-hagen.de\/kah\/wp-content\/uploads\/2014\/07\/CIMG0513-Customweb-600x366.jpg 600w, https:\/\/www.kah-hagen.de\/kah\/wp-content\/uploads\/2014\/07\/CIMG0513-Customweb-300x182.jpg 300w\" sizes=\"auto, (max-width: 1024px) 100vw, 1024px\" \/><\/a><\/figure>\n\n\n\n<figure class=\"wp-block-image size-large\"><a href=\"https:\/\/www.kah-hagen.de\/kah\/wp-content\/uploads\/2014\/07\/CIMG0519-Customweb.jpg\"><img loading=\"lazy\" decoding=\"async\" width=\"1024\" height=\"514\" data-id=\"1378\" src=\"https:\/\/www.kah-hagen.de\/kah\/wp-content\/uploads\/2014\/07\/CIMG0519-Customweb-1024x514.jpg\" alt=\"\" class=\"wp-image-1378\" srcset=\"https:\/\/www.kah-hagen.de\/kah\/wp-content\/uploads\/2014\/07\/CIMG0519-Customweb.jpg 1024w, https:\/\/www.kah-hagen.de\/kah\/wp-content\/uploads\/2014\/07\/CIMG0519-Customweb-600x302.jpg 600w, https:\/\/www.kah-hagen.de\/kah\/wp-content\/uploads\/2014\/07\/CIMG0519-Customweb-300x150.jpg 300w\" sizes=\"auto, (max-width: 1024px) 100vw, 1024px\" \/><\/a><\/figure>\n\n\n\n<figure class=\"wp-block-image size-large\"><a href=\"https:\/\/www.kah-hagen.de\/kah\/wp-content\/uploads\/2014\/07\/CIMG0522-Customweb.jpg\"><img loading=\"lazy\" decoding=\"async\" width=\"576\" height=\"824\" data-id=\"1379\" src=\"https:\/\/www.kah-hagen.de\/kah\/wp-content\/uploads\/2014\/07\/CIMG0522-Customweb.jpg\" alt=\"\" class=\"wp-image-1379\" srcset=\"https:\/\/www.kah-hagen.de\/kah\/wp-content\/uploads\/2014\/07\/CIMG0522-Customweb.jpg 576w, https:\/\/www.kah-hagen.de\/kah\/wp-content\/uploads\/2014\/07\/CIMG0522-Customweb-209x300.jpg 209w\" sizes=\"auto, (max-width: 576px) 100vw, 576px\" \/><\/a><\/figure>\n<\/figure>\n","protected":false},"excerpt":{"rendered":"<p>Atelier 2.9 Paolo Signorile wurde am 07.12.1949 in Livorno (Toskana) geboren. W\u00e4hrend seines Studiums in Industrietechnik entdeckte er seine Leidenschaft f\u00fcr die Malerei und studierte sodann an der Kunstakademie Brera, Mailand. Hier besch\u00e4ftigte er sich mit den klassischen italienischen Meistern des 15. und 16. Jahrhunderts wie Michelangelo, Tiziano, Canaletto und im Besonderen mit Caravaggio. Nach [&hellip;]<\/p>\n","protected":false},"author":101015,"featured_media":0,"parent":5,"menu_order":0,"comment_status":"closed","ping_status":"closed","template":"kuenstler.php","meta":{"ngg_post_thumbnail":0,"footnotes":""},"class_list":["post-1370","page","type-page","status-publish","hentry"],"_links":{"self":[{"href":"https:\/\/www.kah-hagen.de\/kah\/wp-json\/wp\/v2\/pages\/1370","targetHints":{"allow":["GET"]}}],"collection":[{"href":"https:\/\/www.kah-hagen.de\/kah\/wp-json\/wp\/v2\/pages"}],"about":[{"href":"https:\/\/www.kah-hagen.de\/kah\/wp-json\/wp\/v2\/types\/page"}],"author":[{"embeddable":true,"href":"https:\/\/www.kah-hagen.de\/kah\/wp-json\/wp\/v2\/users\/101015"}],"replies":[{"embeddable":true,"href":"https:\/\/www.kah-hagen.de\/kah\/wp-json\/wp\/v2\/comments?post=1370"}],"version-history":[{"count":5,"href":"https:\/\/www.kah-hagen.de\/kah\/wp-json\/wp\/v2\/pages\/1370\/revisions"}],"predecessor-version":[{"id":3404,"href":"https:\/\/www.kah-hagen.de\/kah\/wp-json\/wp\/v2\/pages\/1370\/revisions\/3404"}],"up":[{"embeddable":true,"href":"https:\/\/www.kah-hagen.de\/kah\/wp-json\/wp\/v2\/pages\/5"}],"wp:attachment":[{"href":"https:\/\/www.kah-hagen.de\/kah\/wp-json\/wp\/v2\/media?parent=1370"}],"curies":[{"name":"wp","href":"https:\/\/api.w.org\/{rel}","templated":true}]}}