{"id":13,"date":"2008-05-29T16:34:05","date_gmt":"2008-05-29T14:34:05","guid":{"rendered":"http:\/\/www.kah-hagen.de\/wordpress\/?page_id=13"},"modified":"2008-06-05T21:47:59","modified_gmt":"2008-06-05T19:47:59","slug":"verein","status":"publish","type":"page","link":"https:\/\/www.kah-hagen.de\/kah\/verein\/","title":{"rendered":"Verein"},"content":{"rendered":"<p>Am 25. September 2007 wurde der gemeinn\u00fctzige Verein \u201eKunst- und Atelierhaus Hagen e.V.&#8220; gegr\u00fcndet.<\/p>\n<p>Der Verein versteht sich als Schnittstelle zwischen Kunstinteressierten, Galeristen, F\u00f6rderern und ausf\u00fchrenden K\u00fcnstlern. Das Haus fungiert als gemeinschaftliche Wirkungsst\u00e4tte f\u00fcr Kommunikation, Aktion und Repr\u00e4sentation. Ziel des Vereins ist die F\u00f6rderung bildender Kunst im Raum Hagen, sowie Vernetzung und Austausch mit anderen Atelierh\u00e4usern und Kunstvereinen in der Region Hagener\/Westfalen sowie dar\u00fcber hinaus.<\/p>\n<p style=\"text-align: center;\"><img loading=\"lazy\" decoding=\"async\" class=\"size-full wp-image-67 aligncenter\" title=\"verein1\" src=\"http:\/\/www.kah-hagen.de\/wp-content\/uploads\/2008\/06\/verein1.jpg\" alt=\"\" width=\"500\" height=\"375\" srcset=\"https:\/\/www.kah-hagen.de\/kah\/wp-content\/uploads\/2008\/06\/verein1.jpg 500w, https:\/\/www.kah-hagen.de\/kah\/wp-content\/uploads\/2008\/06\/verein1-300x225.jpg 300w\" sizes=\"auto, (max-width: 500px) 100vw, 500px\" \/><\/p>\n","protected":false},"excerpt":{"rendered":"<p>Am 25. September 2007 wurde der gemeinn\u00fctzige Verein \u201eKunst- und Atelierhaus Hagen e.V.&#8220; gegr\u00fcndet. Der Verein versteht sich als Schnittstelle zwischen Kunstinteressierten, Galeristen, F\u00f6rderern und ausf\u00fchrenden K\u00fcnstlern. Das Haus fungiert als gemeinschaftliche Wirkungsst\u00e4tte f\u00fcr Kommunikation, Aktion und Repr\u00e4sentation. Ziel des Vereins ist die F\u00f6rderung bildender Kunst im Raum Hagen, sowie Vernetzung und Austausch mit anderen [&hellip;]<\/p>\n","protected":false},"author":101015,"featured_media":0,"parent":0,"menu_order":1,"comment_status":"closed","ping_status":"closed","template":"verein.php","meta":{"ngg_post_thumbnail":0,"footnotes":""},"class_list":["post-13","page","type-page","status-publish","hentry"],"_links":{"self":[{"href":"https:\/\/www.kah-hagen.de\/kah\/wp-json\/wp\/v2\/pages\/13","targetHints":{"allow":["GET"]}}],"collection":[{"href":"https:\/\/www.kah-hagen.de\/kah\/wp-json\/wp\/v2\/pages"}],"about":[{"href":"https:\/\/www.kah-hagen.de\/kah\/wp-json\/wp\/v2\/types\/page"}],"author":[{"embeddable":true,"href":"https:\/\/www.kah-hagen.de\/kah\/wp-json\/wp\/v2\/users\/101015"}],"replies":[{"embeddable":true,"href":"https:\/\/www.kah-hagen.de\/kah\/wp-json\/wp\/v2\/comments?post=13"}],"version-history":[{"count":1,"href":"https:\/\/www.kah-hagen.de\/kah\/wp-json\/wp\/v2\/pages\/13\/revisions"}],"predecessor-version":[{"id":2524,"href":"https:\/\/www.kah-hagen.de\/kah\/wp-json\/wp\/v2\/pages\/13\/revisions\/2524"}],"wp:attachment":[{"href":"https:\/\/www.kah-hagen.de\/kah\/wp-json\/wp\/v2\/media?parent=13"}],"curies":[{"name":"wp","href":"https:\/\/api.w.org\/{rel}","templated":true}]}}